{"id":935,"date":"2025-03-11T01:07:30","date_gmt":"2025-03-11T01:07:30","guid":{"rendered":"https:\/\/sixbar6.com\/?page_id=935"},"modified":"2025-03-14T15:07:54","modified_gmt":"2025-03-14T15:07:54","slug":"sell-your-horse-to-north-america","status":"publish","type":"page","link":"https:\/\/sixbar6.com\/pl\/sell-your-horse-to-north-america\/","title":{"rendered":"Sprzedaj swojego konia do Ameryki P\u00f3\u0142nocnej"},"content":{"rendered":"<div class=\"wp-block-cover\"><span aria-hidden=\"true\" class=\"wp-block-cover__background has-background-dim\"><\/span><img fetchpriority=\"high\" decoding=\"async\" width=\"400\" height=\"800\" class=\"wp-block-cover__image-background wp-image-937\" alt=\"Sell \" src=\"http:\/\/sixbar6.com\/wp-content\/uploads\/2025\/03\/Hero-Section-Seller.png\" style=\"object-position:51% 52%\" data-object-fit=\"cover\" data-object-position=\"51% 52%\" srcset=\"https:\/\/sixbar6.com\/wp-content\/uploads\/2025\/03\/Hero-Section-Seller.png 400w, https:\/\/sixbar6.com\/wp-content\/uploads\/2025\/03\/Hero-Section-Seller-150x300.png 150w, https:\/\/sixbar6.com\/wp-content\/uploads\/2025\/03\/Hero-Section-Seller-6x12.png 6w\" sizes=\"(max-width: 400px) 100vw, 400px\" \/><div class=\"wp-block-cover__inner-container is-layout-flow wp-block-cover-is-layout-flow\">\n<h2 class=\"wp-block-heading has-text-align-center has-white-color has-text-color has-link-color has-large-font-size wp-elements-2832003ec87c6e2d52c388e53a2d2a55\">SPRZEDAJ SWOJE NAJLEPSZE KONIE DO AMERYKI P\u00d3\u0141NOCNEJ<\/h2>\n\n\n\n<h3 class=\"wp-block-heading alignwide has-text-align-center has-white-color has-text-color has-link-color has-large-font-size wp-elements-ccfd271a317e6c6520c5a6d0e654c547\"><em>Z SixBar6 \u2013 w najlepszy spos\u00f3b<\/em><\/h3>\n\n\n\n<div style=\"height:64px\" aria-hidden=\"true\" class=\"wp-block-spacer\"><\/div>\n\n\n\n<div class=\"wp-block-buttons is-content-justification-center is-layout-flex wp-container-core-buttons-is-layout-1 wp-block-buttons-is-layout-flex\">\n<div class=\"wp-block-button has-custom-font-size is-style-fill\" style=\"font-size:26px\"><a class=\"wp-block-button__link wp-element-button\" href=\"https:\/\/sixbar6.com\/pl\/sell-your-horse\/\" style=\"border-radius:90px\"><strong>Rozpocznij Proces<\/strong><\/a><\/div>\n<\/div>\n<\/div><\/div>\n\n\n\n<div style=\"height:72px\" aria-hidden=\"true\" class=\"wp-block-spacer\"><\/div>\n\n\n\n<h2 class=\"wp-block-heading has-large-font-size\"><strong>DLACZEGO WYBRA\u0106 SixBar6?<\/strong><\/h2>\n\n\n\n<p class=\"has-medium-font-size\">Polski rynek je\u017adziecki jest niezwykle konkurencyjny, a my doskonale rozumiemy, \u017ce zaufanie trudno zdoby\u0107. Wielu sprzedawc\u00f3w uwa\u017ca, \u017ce kupcy z Ameryki P\u00f3\u0142nocnej zap\u0142ac\u0105 ka\u017cd\u0105 cen\u0119 \u2013 ale rzeczywisto\u015b\u0107 wygl\u0105da inaczej. Aby skutecznie sprzedawa\u0107 konie za granic\u0119, ceny musz\u0105 by\u0107 realistyczne i konkurencyjne, uwzgl\u0119dniaj\u0105c prowizj\u0119 oraz koszty eksportu\/importu.<\/p>\n\n\n\n<p class=\"has-medium-font-size\">W SixBar6 nie tylko zapewniamy dost\u0119p do powa\u017cnych kupc\u00f3w w Ameryce P\u00f3\u0142nocnej, ale tak\u017ce doradzamy w kwestii strategii cenowych, kt\u00f3re prowadz\u0105 do rzeczywistych transakcji \u2013 a nie tylko zapyta\u0144.<\/p>\n\n\n\n<div style=\"height:64px\" aria-hidden=\"true\" class=\"wp-block-spacer\"><\/div>\n\n\n\n<div class=\"wp-block-columns is-layout-flex wp-container-core-columns-is-layout-1 wp-block-columns-is-layout-flex\">\n<div class=\"wp-block-column is-layout-flow wp-block-column-is-layout-flow\">\n<h2 class=\"wp-block-heading has-text-align-center\" style=\"font-size:23px\">Dost\u0119p do powa\u017cnych kupc\u00f3w<\/h2>\n\n\n\n<details class=\"wp-block-details has-medium-font-size is-layout-flow wp-block-details-is-layout-flow\"><summary>Wsp\u00f3\u0142pracujemy wy\u0142\u0105cznie ze sprawdzonymi profesjonalistami w Ameryce P\u00f3\u0142nocnej \u2013 kupcami, trenerami i stajniami, kt\u00f3re szukaj\u0105 jako\u015bciowych koni, a nie tylko ogl\u0105daj\u0105 oferty.<\/summary>\n<p><\/p>\n<\/details>\n<\/div>\n\n\n\n<div class=\"wp-block-column is-layout-flow wp-block-column-is-layout-flow\">\n<h2 class=\"wp-block-heading has-text-align-center\" style=\"font-size:23px\"><strong>Dyskretny i profesjonalny proces<\/strong><\/h2>\n\n\n\n<details class=\"wp-block-details has-medium-font-size is-layout-flow wp-block-details-is-layout-flow\"><summary>Nie publikujemy Twoich koni publicznie. Szczeg\u00f3\u0142y s\u0105 udost\u0119pniane wy\u0142\u0105cznie sprawdzonym kupcom, kt\u00f3rzy podpisali umow\u0119 o poufno\u015bci (NDA), co gwarantuje pe\u0142n\u0105 ochron\u0119 zar\u00f3wno dla sprzedaj\u0105cych, jak i kupuj\u0105cych.<\/summary>\n<p><\/p>\n<\/details>\n<\/div>\n\n\n\n<div class=\"wp-block-column is-layout-flow wp-block-column-is-layout-flow\">\n<h2 class=\"wp-block-heading has-text-align-center\" style=\"font-size:23px\"><strong>Rynkowa cena = rzeczywista sprzeda\u017c<\/strong><\/h2>\n\n\n\n<details class=\"wp-block-details has-medium-font-size is-layout-flow wp-block-details-is-layout-flow\"><summary>Ko\u0144 wyceniony zbyt wysoko nie znajdzie nabywcy. Doradzamy w zakresie realistycznych cen, kt\u00f3re przyci\u0105gn\u0105 powa\u017cnych kupc\u00f3w, jednocze\u015bnie zapewniaj\u0105c Ci zyskown\u0105 sprzeda\u017c.<\/summary>\n<p><\/p>\n<\/details>\n<\/div>\n\n\n\n<div class=\"wp-block-column is-layout-flow wp-block-column-is-layout-flow\">\n<h2 class=\"wp-block-heading has-text-align-center\" style=\"font-size:23px\"><strong>Kompleksowa obs\u0142uga<\/strong><\/h2>\n\n\n\n<details class=\"wp-block-details has-medium-font-size is-layout-flow wp-block-details-is-layout-flow\"><summary>We don\u2019t just introduce buyers\u2014 we handle negotiations, logistics, and safe transport with our own EASYRider Horse Transport Services<\/summary>\n<p><\/p>\n<\/details>\n<\/div>\n<\/div>\n\n\n\n<div style=\"height:100px\" aria-hidden=\"true\" class=\"wp-block-spacer\"><\/div>\n\n\n\n<div class=\"wp-block-columns is-layout-flex wp-container-core-columns-is-layout-2 wp-block-columns-is-layout-flex\">\n<div class=\"wp-block-column is-vertically-aligned-top is-layout-flow wp-block-column-is-layout-flow\" style=\"flex-basis:33.33%\">\n<h2 class=\"wp-block-heading alignwide has-text-align-right has-vivid-red-color has-text-color has-link-color wp-elements-c3592bd989c4566100023bd241f09925\" style=\"font-size:48px\"><strong>Exclusive Marketing &amp; Direct Owner Sales<\/strong><\/h2>\n<\/div>\n\n\n\n<div class=\"wp-block-column is-vertically-aligned-center is-layout-flow wp-block-column-is-layout-flow\" style=\"flex-basis:66.66%\">\n<p class=\"has-medium-font-size\">SixBar6 only works\u00a0<strong>directly with horse owners<\/strong>. We do not accept listings from intermediaries, agents, or brokers. This ensures\u00a0<strong>transparent pricing<\/strong>, eliminates unnecessary markups, and keeps your horse\u2019s price competitive for North American buyers.<br><strong>Sellers must confirm that they are the legal owner of the horse<\/strong>\u00a0and provide proof of ownership if requested.<\/p>\n<\/div>\n<\/div>\n\n\n\n<div style=\"height:100px\" aria-hidden=\"true\" class=\"wp-block-spacer\"><\/div>\n\n\n\n<h2 class=\"wp-block-heading has-large-font-size\"><strong>JAK ROZPOCZ\u0104\u0106?<\/strong><\/h2>\n\n\n\n<div class=\"wp-block-columns is-layout-flex wp-container-core-columns-is-layout-3 wp-block-columns-is-layout-flex\">\n<div class=\"wp-block-column is-layout-flow wp-block-column-is-layout-flow\"><div class=\"wp-block-image\">\n<figure class=\"aligncenter size-full is-resized\"><img decoding=\"async\" width=\"400\" height=\"400\" src=\"http:\/\/sixbar6.com\/wp-content\/uploads\/2025\/03\/Seller-Inquiry_pl.png\" alt=\"\" class=\"wp-image-953\" style=\"width:225px;height:auto\" srcset=\"https:\/\/sixbar6.com\/wp-content\/uploads\/2025\/03\/Seller-Inquiry_pl.png 400w, https:\/\/sixbar6.com\/wp-content\/uploads\/2025\/03\/Seller-Inquiry_pl-300x300.png 300w, https:\/\/sixbar6.com\/wp-content\/uploads\/2025\/03\/Seller-Inquiry_pl-150x150.png 150w, https:\/\/sixbar6.com\/wp-content\/uploads\/2025\/03\/Seller-Inquiry_pl-12x12.png 12w\" sizes=\"(max-width: 400px) 100vw, 400px\" \/><\/figure><\/div>\n\n\n<p class=\"has-medium-font-size\">Wype\u0142nij nasz kr\u00f3tki formularz kontaktowy, aby skontaktowa\u0107 si\u0119 z naszym zespo\u0142em. Om\u00f3wimy Twojego konia i odpowiemy na wszystkie pytania.<\/p>\n<\/div>\n\n\n\n<div class=\"wp-block-column is-layout-flow wp-block-column-is-layout-flow\"><div class=\"wp-block-image\">\n<figure class=\"aligncenter size-full is-resized\"><img decoding=\"async\" width=\"400\" height=\"400\" src=\"http:\/\/sixbar6.com\/wp-content\/uploads\/2025\/03\/Register-Horse_pl.png\" alt=\"\" class=\"wp-image-954\" style=\"width:230px;height:auto\" srcset=\"https:\/\/sixbar6.com\/wp-content\/uploads\/2025\/03\/Register-Horse_pl.png 400w, https:\/\/sixbar6.com\/wp-content\/uploads\/2025\/03\/Register-Horse_pl-300x300.png 300w, https:\/\/sixbar6.com\/wp-content\/uploads\/2025\/03\/Register-Horse_pl-150x150.png 150w, https:\/\/sixbar6.com\/wp-content\/uploads\/2025\/03\/Register-Horse_pl-12x12.png 12w\" sizes=\"(max-width: 400px) 100vw, 400px\" \/><\/figure><\/div>\n\n\n<p class=\"has-medium-font-size\">Je\u015bli jeste\u015b gotowy na kolejny krok, wype\u0142nij szczeg\u00f3\u0142owy formularz rejestracyjny, podaj\u0105c wszystkie niezb\u0119dne informacje o koniu.<\/p>\n\n\n\n<p class=\"has-small-font-size\">*<strong>Before submission, you must confirm that you are the legal owner and accept our exclusive marketing terms.<\/strong><br><\/p>\n<\/div>\n\n\n\n<div class=\"wp-block-column is-layout-flow wp-block-column-is-layout-flow\"><div class=\"wp-block-image\">\n<figure class=\"aligncenter size-full is-resized\"><img loading=\"lazy\" decoding=\"async\" width=\"400\" height=\"400\" src=\"http:\/\/sixbar6.com\/wp-content\/uploads\/2025\/03\/Service_pl.png\" alt=\"\" class=\"wp-image-955\" style=\"width:229px;height:auto\" srcset=\"https:\/\/sixbar6.com\/wp-content\/uploads\/2025\/03\/Service_pl.png 400w, https:\/\/sixbar6.com\/wp-content\/uploads\/2025\/03\/Service_pl-300x300.png 300w, https:\/\/sixbar6.com\/wp-content\/uploads\/2025\/03\/Service_pl-150x150.png 150w, https:\/\/sixbar6.com\/wp-content\/uploads\/2025\/03\/Service_pl-12x12.png 12w\" sizes=\"(max-width: 400px) 100vw, 400px\" \/><\/figure><\/div>\n\n\n<p class=\"has-medium-font-size\">Po rejestracji przejmujemy ca\u0142y proces \u2013 od kontaktu z kupcami po organizacj\u0119 transportu.<\/p>\n<\/div>\n<\/div>\n\n\n\n<div class=\"wp-block-columns is-layout-flex wp-container-core-columns-is-layout-4 wp-block-columns-is-layout-flex\">\n<div class=\"wp-block-column has-white-color has-black-background-color has-text-color has-background has-link-color wp-elements-487be4a42bfe01f8f5c8b953ce3da253 is-layout-flow wp-block-column-is-layout-flow\">\n<p class=\"has-text-align-center\" style=\"font-size:26px\"><br><em>Zacznij od prostego zapytania ju\u017c dzi\u015b i po\u0142\u0105cz swojego konia z odpowiednim kupcem w Ameryce P\u00f3\u0142nocnej!<\/em><\/p>\n\n\n\n<h2 class=\"wp-block-heading has-text-align-center has-white-color has-text-color has-link-color has-large-font-size wp-elements-7112160cdc788ac81a230a5a24162f47\"><strong>GOTOWY NA SPRZEDA\u017b?<\/strong><\/h2>\n\n\n\n<p><\/p>\n\n\n\n<div class=\"wp-block-buttons is-content-justification-center is-layout-flex wp-container-core-buttons-is-layout-2 wp-block-buttons-is-layout-flex\">\n<div class=\"wp-block-button has-custom-font-size\" style=\"font-size:26px\"><a class=\"wp-block-button__link wp-element-button\" href=\"https:\/\/sixbar6.com\/pl\/sell-your-horse\/\" style=\"border-radius:90px\"><strong>ROZPOCZNIJ PROCES<\/strong><\/a><\/div>\n<\/div>\n\n\n\n<div style=\"height:34px\" aria-hidden=\"true\" class=\"wp-block-spacer\"><\/div>\n<\/div>\n<\/div>\n\n\n\n<p><\/p>","protected":false},"excerpt":{"rendered":"<p>WHY CHOOSE SixBar6? The Polish equestrian market is highly competitive, and we understand that trust is hard to earn. Many sellers believe that North-American buyers will pay any price\u2014but the reality is different. To successfully sell horses abroad, the pricing must be realistic and competitive, factoring in commission and export\/import costs. At SixBar6, we ensure [&hellip;]<\/p>\n","protected":false},"author":1,"featured_media":0,"parent":0,"menu_order":0,"comment_status":"closed","ping_status":"closed","template":"","meta":{"_acf_changed":false,"_uag_custom_page_level_css":"","ocean_post_layout":"full-width","ocean_both_sidebars_style":"","ocean_both_sidebars_content_width":0,"ocean_both_sidebars_sidebars_width":0,"ocean_sidebar":"","ocean_second_sidebar":"","ocean_disable_margins":"enable","ocean_add_body_class":"","ocean_shortcode_before_top_bar":"","ocean_shortcode_after_top_bar":"","ocean_shortcode_before_header":"","ocean_shortcode_after_header":"","ocean_has_shortcode":"","ocean_shortcode_after_title":"","ocean_shortcode_before_footer_widgets":"","ocean_shortcode_after_footer_widgets":"","ocean_shortcode_before_footer_bottom":"","ocean_shortcode_after_footer_bottom":"","ocean_display_top_bar":"default","ocean_display_header":"default","ocean_header_style":"","ocean_center_header_left_menu":"","ocean_custom_header_template":"","ocean_custom_logo":0,"ocean_custom_retina_logo":0,"ocean_custom_logo_max_width":0,"ocean_custom_logo_tablet_max_width":0,"ocean_custom_logo_mobile_max_width":0,"ocean_custom_logo_max_height":0,"ocean_custom_logo_tablet_max_height":0,"ocean_custom_logo_mobile_max_height":0,"ocean_header_custom_menu":"","ocean_menu_typo_font_family":"","ocean_menu_typo_font_subset":"","ocean_menu_typo_font_size":0,"ocean_menu_typo_font_size_tablet":0,"ocean_menu_typo_font_size_mobile":0,"ocean_menu_typo_font_size_unit":"px","ocean_menu_typo_font_weight":"","ocean_menu_typo_font_weight_tablet":"","ocean_menu_typo_font_weight_mobile":"","ocean_menu_typo_transform":"","ocean_menu_typo_transform_tablet":"","ocean_menu_typo_transform_mobile":"","ocean_menu_typo_line_height":0,"ocean_menu_typo_line_height_tablet":0,"ocean_menu_typo_line_height_mobile":0,"ocean_menu_typo_line_height_unit":"","ocean_menu_typo_spacing":0,"ocean_menu_typo_spacing_tablet":0,"ocean_menu_typo_spacing_mobile":0,"ocean_menu_typo_spacing_unit":"","ocean_menu_link_color":"","ocean_menu_link_color_hover":"","ocean_menu_link_color_active":"","ocean_menu_link_background":"","ocean_menu_link_hover_background":"","ocean_menu_link_active_background":"","ocean_menu_social_links_bg":"","ocean_menu_social_hover_links_bg":"","ocean_menu_social_links_color":"","ocean_menu_social_hover_links_color":"","ocean_disable_title":"default","ocean_disable_heading":"default","ocean_post_title":"","ocean_post_subheading":"","ocean_post_title_style":"","ocean_post_title_background_color":"","ocean_post_title_background":0,"ocean_post_title_bg_image_position":"","ocean_post_title_bg_image_attachment":"","ocean_post_title_bg_image_repeat":"","ocean_post_title_bg_image_size":"","ocean_post_title_height":0,"ocean_post_title_bg_overlay":0.5,"ocean_post_title_bg_overlay_color":"","ocean_disable_breadcrumbs":"default","ocean_breadcrumbs_color":"","ocean_breadcrumbs_separator_color":"","ocean_breadcrumbs_links_color":"","ocean_breadcrumbs_links_hover_color":"","ocean_display_footer_widgets":"default","ocean_display_footer_bottom":"default","ocean_custom_footer_template":"","footnotes":""},"class_list":["post-935","page","type-page","status-publish","hentry","entry"],"acf":[],"uagb_featured_image_src":{"full":false,"thumbnail":false,"medium":false,"medium_large":false,"large":false,"1536x1536":false,"2048x2048":false,"trp-custom-language-flag":false,"ocean-thumb-m":false,"ocean-thumb-ml":false,"ocean-thumb-l":false},"uagb_author_info":{"display_name":"admin","author_link":"https:\/\/sixbar6.com\/pl\/author\/admin\/"},"uagb_comment_info":0,"uagb_excerpt":"WHY CHOOSE SixBar6? The Polish equestrian market is highly competitive, and we understand that trust is hard to earn. Many sellers believe that North-American buyers will pay any price\u2014but the reality is different. To successfully sell horses abroad, the pricing must be realistic and competitive, factoring in commission and export\/import costs. At SixBar6, we ensure&hellip;","_links":{"self":[{"href":"https:\/\/sixbar6.com\/pl\/wp-json\/wp\/v2\/pages\/935","targetHints":{"allow":["GET"]}}],"collection":[{"href":"https:\/\/sixbar6.com\/pl\/wp-json\/wp\/v2\/pages"}],"about":[{"href":"https:\/\/sixbar6.com\/pl\/wp-json\/wp\/v2\/types\/page"}],"author":[{"embeddable":true,"href":"https:\/\/sixbar6.com\/pl\/wp-json\/wp\/v2\/users\/1"}],"replies":[{"embeddable":true,"href":"https:\/\/sixbar6.com\/pl\/wp-json\/wp\/v2\/comments?post=935"}],"version-history":[{"count":47,"href":"https:\/\/sixbar6.com\/pl\/wp-json\/wp\/v2\/pages\/935\/revisions"}],"predecessor-version":[{"id":1015,"href":"https:\/\/sixbar6.com\/pl\/wp-json\/wp\/v2\/pages\/935\/revisions\/1015"}],"wp:attachment":[{"href":"https:\/\/sixbar6.com\/pl\/wp-json\/wp\/v2\/media?parent=935"}],"curies":[{"name":"wp","href":"https:\/\/api.w.org\/{rel}","templated":true}]}}