{"id":747,"date":"2025-03-06T23:00:25","date_gmt":"2025-03-06T23:00:25","guid":{"rendered":"https:\/\/sixbar6.com\/?page_id=747"},"modified":"2026-03-28T16:44:10","modified_gmt":"2026-03-28T16:44:10","slug":"horse-listings","status":"publish","type":"page","link":"https:\/\/sixbar6.com\/pl\/horse-listings\/","title":{"rendered":"Wkazie Koni"},"content":{"rendered":"<div class=\"wp-block-columns is-layout-flex wp-container-core-columns-is-layout-1 wp-block-columns-is-layout-flex\">\n<div class=\"wp-block-column is-layout-flow wp-block-column-is-layout-flow\">\n<h2 class=\"wp-block-heading has-large-font-size\">Odkryj Nasze Ekskluzywne Konie Skokowe SixBar6<\/h2>\n\n\n\n<p class=\"has-text-align-left translation-block\" style=\"font-size:24px\">W SixBar6 oferujemy starannie wyselekcjonowan\u0105 kolekcj\u0119 elitarnych europejskich koni skokowych \u2013 od m\u0142odych talent\u00f3w po konie Grand Prix. Ka\u017cdy ko\u0144 jest profesjonalnie szkolony i oceniany zgodnie z najwy\u017cszymi standardami.<\/p>\n<\/div>\n\n\n\n<div class=\"wp-block-column is-layout-flow wp-block-column-is-layout-flow\"><div class=\"wp-block-image\">\n<figure class=\"alignright size-full is-resized\"><img decoding=\"async\" src=\"http:\/\/sixbar6.com\/wp-content\/uploads\/2025\/03\/Copy-of-SixBar6-Animated-Logo-Black.mp4\" alt=\"Horse Listings \" class=\"wp-image-765\" style=\"width:299px;height:auto\"\/><\/figure><\/div><\/div>\n<\/div>\n\n\n\n<h2 class=\"wp-block-heading has-text-align-center has-large-font-size\">The following link will transfer you to our current listings.<br> Interested buyers must&nbsp;<strong><a href=\"https:\/\/sixbar6.com\/pl\/download-nda\/\" data-type=\"link\" data-id=\"https:\/\/sixbar6.com\/download-nda\/\">sign an NDA<\/a><\/strong>&nbsp;in order to obtain further information.<\/h2>\n\n\n\n<p class=\"has-text-align-center\">Once we receive the NDA one of our representatives will contact you to discuss details<\/p>\n\n\n\n<div class=\"wp-block-uagb-buttons uagb-buttons__outer-wrap uagb-btn__default-btn uagb-btn-tablet__default-btn uagb-btn-mobile__default-btn uagb-block-9f5ef43b\"><div class=\"uagb-buttons__wrap uagb-buttons-layout-wrap\">\n<div class=\"wp-block-uagb-buttons-child uagb-buttons__outer-wrap uagb-block-c929a4a4 wp-block-button\"><div class=\"uagb-button__wrapper\"><a class=\"uagb-buttons-repeater wp-block-button__link\" aria-label=\"\" href=\"https:\/\/horses.sale\/seller\/patricia-sixbar6-com\/\" rel=\"follow noopener\" target=\"_blank\" role=\"button\"><div class=\"uagb-button__link\">Click Here<\/div><span class=\"uagb-button__icon uagb-button__icon-position-after\"><svg xmlns=\"https:\/\/www.w3.org\/2000\/svg\" viewbox=\"0 0 448 512\" aria-hidden=\"true\" focussable=\"false\"><path d=\"M438.6 278.6l-160 160C272.4 444.9 264.2 448 256 448s-16.38-3.125-22.62-9.375c-12.5-12.5-12.5-32.75 0-45.25L338.8 288H32C14.33 288 .0016 273.7 .0016 256S14.33 224 32 224h306.8l-105.4-105.4c-12.5-12.5-12.5-32.75 0-45.25s32.75-12.5 45.25 0l160 160C451.1 245.9 451.1 266.1 438.6 278.6z\"><\/path><\/svg><\/span><\/a><\/div><\/div>\n<\/div><\/div>\n\n\n\n<div style=\"height:100px\" aria-hidden=\"true\" class=\"wp-block-spacer\"><\/div>\n\n\n\n<div class=\"wp-block-columns is-layout-flex wp-container-core-columns-is-layout-2 wp-block-columns-is-layout-flex\">\n<div class=\"wp-block-column is-layout-flow wp-block-column-is-layout-flow\">\n<p class=\"has-text-align-center has-vivid-red-color has-text-color has-link-color wp-elements-c78d84c2006adfa0319be09c1749c26c\" style=\"font-size:23px\"><strong><a href=\"https:\/\/sixbar6.com\/pl\/show-jumper-contact\/\" data-type=\"link\" data-id=\"https:\/\/sixbar6.com\/show-jumper-contact\/\">Zarezerwuj bezp\u0142atn\u0105 konsultacj\u0119<\/a><\/strong><\/p>\n\n\n\n<div style=\"height:31px\" aria-hidden=\"true\" class=\"wp-block-spacer\"><\/div>\n\n\n\n<p class=\"has-text-align-center has-vivid-red-color has-text-color has-link-color wp-elements-95716fd2453e3b861ab692ef1da2198c\" style=\"font-size:23px\"><strong><a href=\"https:\/\/sixbar6.com\/pl\/sixbar6-jumpstart\/\" data-type=\"link\" data-id=\"https:\/\/sixbar6.com\/sixbar6-jumpstart\/\">Zarejestruj si\u0119 w SixBar6 Jumpstart<\/a><\/strong><\/p>\n\n\n\n<p class=\"has-text-align-center has-vivid-red-color has-text-color has-link-color wp-elements-d7497d8b1999c46af2189cbf8265f67e translation-block\" style=\"font-size:23px\"><br><a href=\"https:\/\/sixbar6.com\/pl\/sell-your-horse\/\" data-type=\"page\" data-id=\"837\" target=\"_self\"><strong>Zarejestruj swojego konia skokowego <\/strong><br><strong> na sprzeda\u017c <\/strong><\/a><\/p>\n<\/div>\n\n\n\n<div class=\"wp-block-column is-layout-flow wp-block-column-is-layout-flow\">\n<p class=\"has-black-color has-text-color has-link-color wp-elements-65a22edec17becf8d17d5c2c97984b2c translation-block\">Nie mo\u017cesz znale\u017a\u0107 odpowiedniego konia skokowego?\nZam\u00f3w bezp\u0142atn\u0105 konsultacj\u0119 z naszym zespo\u0142em ekspert\u00f3w, aby pom\u00f3c Ci znale\u017a\u0107 idealnego konia.<\/p>\n\n\n\n<p class=\"has-black-color has-text-color has-link-color wp-elements-34c59195e071acc9c50aac0b758e96c2 translation-block\" style=\"font-size:23px\">Jeste\u015b trenerem szukaj\u0105cym konia skokowego dla swojego klienta?<\/p>\n\n\n\n<p class=\"has-black-color has-text-color has-link-color has-medium-font-size wp-elements-a5bad95defaeb29d27b26e0703d903ef translation-block\">Bezpo\u015bredni sprzedawcy (np. w\u0142a\u015bciciele koni, stajnie sportowe, inwestorzy itp.) proszeni s\u0105 o skorzystanie z poni\u017cszego linku, aby zarejestrowa\u0107 swoje konie skokowe na sprzeda\u017c.<\/p>\n<\/div>\n<\/div>","protected":false},"excerpt":{"rendered":"<p>Discover Our Exclusive SixBar6 Show Jumpers At SixBar6, we offer a&nbsp;carefully selected collection&nbsp;of elite European show jumpers, ranging from&nbsp;young talents to Grand Prix contenders. Each horse you will find in our horse listings is professionally trained and evaluated to meet the highest standards. The following link will transfer you to our current listings. Interested buyers [&hellip;]<\/p>\n","protected":false},"author":1,"featured_media":0,"parent":0,"menu_order":0,"comment_status":"closed","ping_status":"closed","template":"","meta":{"_acf_changed":false,"_uag_custom_page_level_css":"","ocean_post_layout":"full-width","ocean_both_sidebars_style":"","ocean_both_sidebars_content_width":0,"ocean_both_sidebars_sidebars_width":0,"ocean_sidebar":"","ocean_second_sidebar":"","ocean_disable_margins":"enable","ocean_add_body_class":"","ocean_shortcode_before_top_bar":"","ocean_shortcode_after_top_bar":"","ocean_shortcode_before_header":"","ocean_shortcode_after_header":"","ocean_has_shortcode":"","ocean_shortcode_after_title":"","ocean_shortcode_before_footer_widgets":"","ocean_shortcode_after_footer_widgets":"","ocean_shortcode_before_footer_bottom":"","ocean_shortcode_after_footer_bottom":"","ocean_display_top_bar":"default","ocean_display_header":"default","ocean_header_style":"","ocean_center_header_left_menu":"","ocean_custom_header_template":"","ocean_custom_logo":0,"ocean_custom_retina_logo":0,"ocean_custom_logo_max_width":0,"ocean_custom_logo_tablet_max_width":0,"ocean_custom_logo_mobile_max_width":0,"ocean_custom_logo_max_height":0,"ocean_custom_logo_tablet_max_height":0,"ocean_custom_logo_mobile_max_height":0,"ocean_header_custom_menu":"","ocean_menu_typo_font_family":"","ocean_menu_typo_font_subset":"","ocean_menu_typo_font_size":0,"ocean_menu_typo_font_size_tablet":0,"ocean_menu_typo_font_size_mobile":0,"ocean_menu_typo_font_size_unit":"px","ocean_menu_typo_font_weight":"","ocean_menu_typo_font_weight_tablet":"","ocean_menu_typo_font_weight_mobile":"","ocean_menu_typo_transform":"","ocean_menu_typo_transform_tablet":"","ocean_menu_typo_transform_mobile":"","ocean_menu_typo_line_height":0,"ocean_menu_typo_line_height_tablet":0,"ocean_menu_typo_line_height_mobile":0,"ocean_menu_typo_line_height_unit":"","ocean_menu_typo_spacing":0,"ocean_menu_typo_spacing_tablet":0,"ocean_menu_typo_spacing_mobile":0,"ocean_menu_typo_spacing_unit":"","ocean_menu_link_color":"","ocean_menu_link_color_hover":"","ocean_menu_link_color_active":"","ocean_menu_link_background":"","ocean_menu_link_hover_background":"","ocean_menu_link_active_background":"","ocean_menu_social_links_bg":"","ocean_menu_social_hover_links_bg":"","ocean_menu_social_links_color":"","ocean_menu_social_hover_links_color":"","ocean_disable_title":"default","ocean_disable_heading":"default","ocean_post_title":"","ocean_post_subheading":"","ocean_post_title_style":"","ocean_post_title_background_color":"","ocean_post_title_background":0,"ocean_post_title_bg_image_position":"","ocean_post_title_bg_image_attachment":"","ocean_post_title_bg_image_repeat":"","ocean_post_title_bg_image_size":"","ocean_post_title_height":0,"ocean_post_title_bg_overlay":0.5,"ocean_post_title_bg_overlay_color":"","ocean_disable_breadcrumbs":"default","ocean_breadcrumbs_color":"","ocean_breadcrumbs_separator_color":"","ocean_breadcrumbs_links_color":"","ocean_breadcrumbs_links_hover_color":"","ocean_display_footer_widgets":"default","ocean_display_footer_bottom":"default","ocean_custom_footer_template":"","footnotes":""},"class_list":["post-747","page","type-page","status-publish","hentry","entry"],"acf":[],"uagb_featured_image_src":{"full":false,"thumbnail":false,"medium":false,"medium_large":false,"large":false,"1536x1536":false,"2048x2048":false,"trp-custom-language-flag":false,"ocean-thumb-m":false,"ocean-thumb-ml":false,"ocean-thumb-l":false},"uagb_author_info":{"display_name":"admin","author_link":"https:\/\/sixbar6.com\/pl\/author\/admin\/"},"uagb_comment_info":0,"uagb_excerpt":"Discover Our Exclusive SixBar6 Show Jumpers At SixBar6, we offer a&nbsp;carefully selected collection&nbsp;of elite European show jumpers, ranging from&nbsp;young talents to Grand Prix contenders. Each horse you will find in our horse listings is professionally trained and evaluated to meet the highest standards. The following link will transfer you to our current listings. Interested buyers&hellip;","_links":{"self":[{"href":"https:\/\/sixbar6.com\/pl\/wp-json\/wp\/v2\/pages\/747","targetHints":{"allow":["GET"]}}],"collection":[{"href":"https:\/\/sixbar6.com\/pl\/wp-json\/wp\/v2\/pages"}],"about":[{"href":"https:\/\/sixbar6.com\/pl\/wp-json\/wp\/v2\/types\/page"}],"author":[{"embeddable":true,"href":"https:\/\/sixbar6.com\/pl\/wp-json\/wp\/v2\/users\/1"}],"replies":[{"embeddable":true,"href":"https:\/\/sixbar6.com\/pl\/wp-json\/wp\/v2\/comments?post=747"}],"version-history":[{"count":64,"href":"https:\/\/sixbar6.com\/pl\/wp-json\/wp\/v2\/pages\/747\/revisions"}],"predecessor-version":[{"id":1839,"href":"https:\/\/sixbar6.com\/pl\/wp-json\/wp\/v2\/pages\/747\/revisions\/1839"}],"wp:attachment":[{"href":"https:\/\/sixbar6.com\/pl\/wp-json\/wp\/v2\/media?parent=747"}],"curies":[{"name":"wp","href":"https:\/\/api.w.org\/{rel}","templated":true}]}}