{"id":227,"date":"2025-01-30T12:24:43","date_gmt":"2025-01-30T12:24:43","guid":{"rendered":"http:\/\/sixbar6.com\/?page_id=227"},"modified":"2025-03-07T14:51:50","modified_gmt":"2025-03-07T14:51:50","slug":"show-jumper-contact","status":"publish","type":"page","link":"https:\/\/sixbar6.com\/pl\/show-jumper-contact\/","title":{"rendered":"Porozmawiajmy o Skokach!"},"content":{"rendered":"\n<h1 class=\"wp-block-heading alignwide has-text-align-center\" style=\"font-size:47px\"><strong>Your next Champion is just ONE Conversation away!<\/strong><\/h1>\n\n\n\n<div class=\"wp-block-columns is-layout-flex wp-container-core-columns-is-layout-1 wp-block-columns-is-layout-flex\">\n<div class=\"wp-block-column is-layout-flow wp-block-column-is-layout-flow\">\n<h2 class=\"wp-block-heading\">Looking for a Top-Quality European Show Jumper?<\/h2>\n\n\n\n<p class=\"has-medium-font-size\">Our expert team is here to match you with the perfect horse for your needs. With&nbsp;<strong>exclusive access to Poland\u2019s best<\/strong>&nbsp;and years of professional experience, we\u2019ll guide you every step of the way.<\/p>\n<\/div>\n\n\n\n<div class=\"wp-block-column is-layout-flow wp-block-column-is-layout-flow\">\n<h2 class=\"wp-block-heading\"><strong>Request a FREE Consultation<\/strong>&nbsp;today and let\u2019s find the right horse for you!<\/h2>\n\n\n\n<p class=\"has-medium-font-size\">Simply fill out the form below, and our team will get in touch to discuss your preferences, budget, and next steps.<\/p>\n<\/div>\n<\/div>\n\n\n\n<div class=\"wp-block-cover alignfull is-light\" style=\"min-height:100vh;aspect-ratio:unset;\"><span aria-hidden=\"true\" class=\"wp-block-cover__background has-background-dim-0 has-background-dim\"><\/span><img fetchpriority=\"high\" decoding=\"async\" width=\"1920\" height=\"1080\" class=\"wp-block-cover__image-background wp-image-228\" alt=\"Show Jumper Consulation\" src=\"http:\/\/sixbar6.com\/wp-content\/uploads\/2025\/01\/Find-your-perfect-Showjumper.png\" data-object-fit=\"cover\" srcset=\"https:\/\/sixbar6.com\/wp-content\/uploads\/2025\/01\/Find-your-perfect-Showjumper.png 1920w, https:\/\/sixbar6.com\/wp-content\/uploads\/2025\/01\/Find-your-perfect-Showjumper-300x169.png 300w, https:\/\/sixbar6.com\/wp-content\/uploads\/2025\/01\/Find-your-perfect-Showjumper-1024x576.png 1024w, https:\/\/sixbar6.com\/wp-content\/uploads\/2025\/01\/Find-your-perfect-Showjumper-768x432.png 768w, https:\/\/sixbar6.com\/wp-content\/uploads\/2025\/01\/Find-your-perfect-Showjumper-1536x864.png 1536w, https:\/\/sixbar6.com\/wp-content\/uploads\/2025\/01\/Find-your-perfect-Showjumper-18x10.png 18w, https:\/\/sixbar6.com\/wp-content\/uploads\/2025\/01\/Find-your-perfect-Showjumper-800x450.png 800w\" sizes=\"(max-width: 1920px) 100vw, 1920px\" \/><div class=\"wp-block-cover__inner-container is-layout-flow wp-block-cover-is-layout-flow\">\n<div class=\"wp-block-columns is-layout-flex wp-container-core-columns-is-layout-2 wp-block-columns-is-layout-flex\">\n<div class=\"wp-block-column is-vertically-aligned-center is-layout-flow wp-block-column-is-layout-flow\" style=\"flex-basis:60%\"><\/div>\n\n\n\n<div class=\"wp-block-column is-vertically-aligned-bottom is-layout-flow wp-block-column-is-layout-flow\" style=\"flex-basis:66.66%\">\n<div style=\"height:180px\" aria-hidden=\"true\" class=\"wp-block-spacer\"><\/div>\n\n\n<style id=\"wpforms-css-vars-233-block-0577d135-c286-427e-9bdb-2bc9feb3e7e4\">\n\t\t\t\t#wpforms-233.wpforms-block-0577d135-c286-427e-9bdb-2bc9feb3e7e4 {\n\t\t\t\t--wpforms-field-size-input-height: 31px;\n--wpforms-field-size-input-spacing: 10px;\n--wpforms-field-size-font-size: 14px;\n--wpforms-field-size-line-height: 17px;\n--wpforms-field-size-padding-h: 9px;\n--wpforms-field-size-checkbox-size: 14px;\n--wpforms-field-size-sublabel-spacing: 5px;\n--wpforms-field-size-icon-size: 0.75;\n--wpforms-label-size-font-size: 18px;\n--wpforms-label-size-line-height: 21px;\n--wpforms-label-size-sublabel-font-size: 16px;\n--wpforms-label-size-sublabel-line-height: 19px;\n--wpforms-button-size-font-size: 14px;\n--wpforms-button-size-height: 37px;\n--wpforms-button-size-padding-h: 15px;\n--wpforms-button-size-margin-top: 5px;\n\t\t\t}\n\t\t\t<\/style><div class=\"wpforms-container wpforms-container-full wpforms-block wpforms-block-0577d135-c286-427e-9bdb-2bc9feb3e7e4 wpforms-render-modern\" id=\"wpforms-233\"><form id=\"wpforms-form-233\" class=\"wpforms-validate wpforms-form wpforms-ajax-form\" data-formid=\"233\" method=\"post\" enctype=\"multipart\/form-data\" action=\"\/pl\/wp-json\/wp\/v2\/pages\/227\" data-token=\"07bc1fc5ced75e2c2555edc21aafc3e3\" data-token-time=\"1776442696\"><noscript class=\"wpforms-error-noscript\">Aby wype\u0142ni\u0107 ten formularz, w\u0142\u0105cz obs\u0142ug\u0119 JavaScript w przegl\u0105darce.<\/noscript><div id=\"wpforms-error-noscript\" style=\"display: none;\">Aby wype\u0142ni\u0107 ten formularz, w\u0142\u0105cz obs\u0142ug\u0119 JavaScript w przegl\u0105darce.<\/div><div class=\"wpforms-field-container\"><div id=\"wpforms-233-field_0-container\" class=\"wpforms-field wpforms-field-name\" data-field-id=\"0\"><label class=\"wpforms-field-label\" for=\"wpforms-233-field_0\">Name <span class=\"wpforms-required-label\" aria-hidden=\"true\">*<\/span><\/label><input type=\"text\" id=\"wpforms-233-field_0\" class=\"wpforms-field-medium wpforms-field-required\" name=\"wpforms[fields][0]\" aria-errormessage=\"wpforms-233-field_0-error\" aria-describedby=\"wpforms-233-field_0-description\" required><div id=\"wpforms-233-field_0-description\" class=\"wpforms-field-description\">Pls state full name<\/div><\/div>\t\t<div id=\"wpforms-233-field_2-container\"\n\t\t\tclass=\"wpforms-field wpforms-field-text\"\n\t\t\tdata-field-type=\"text\"\n\t\t\tdata-field-id=\"2\"\n\t\t\t>\n\t\t\t<label class=\"wpforms-field-label\" for=\"wpforms-233-field_2\" >Preference Email \/<\/label>\n\t\t\t<input type=\"text\" id=\"wpforms-233-field_2\" class=\"wpforms-field-medium\" name=\"wpforms[fields][2]\" >\n\t\t<\/div>\n\t\t<div id=\"wpforms-233-field_1-container\" class=\"wpforms-field wpforms-field-email\" data-field-id=\"1\"><label class=\"wpforms-field-label\" for=\"wpforms-233-field_1\">Email \/ Phone <span class=\"wpforms-required-label\" aria-hidden=\"true\">*<\/span><\/label><input type=\"email\" id=\"wpforms-233-field_1\" class=\"wpforms-field-medium wpforms-field-required\" name=\"wpforms[fields][1]\" spellcheck=\"false\" aria-errormessage=\"wpforms-233-field_1-error\" required><\/div><div id=\"wpforms-233-field_7-container\" class=\"wpforms-field wpforms-field-number\" data-field-id=\"7\"><label class=\"wpforms-field-label\" for=\"wpforms-233-field_7\">Budget <span class=\"wpforms-required-label\" aria-hidden=\"true\">*<\/span><\/label><input type=\"number\" id=\"wpforms-233-field_7\" class=\"wpforms-field-medium wpforms-field-required\" name=\"wpforms[fields][7]\" step=\"any\" aria-errormessage=\"wpforms-233-field_7-error\" aria-describedby=\"wpforms-233-field_7-description\" required><div id=\"wpforms-233-field_7-description\" class=\"wpforms-field-description\">10K, 20K ec.<\/div><\/div><div id=\"wpforms-233-field_6-container\" class=\"wpforms-field wpforms-field-text\" data-field-id=\"6\"><label class=\"wpforms-field-label\" for=\"wpforms-233-field_6\">Horse Preference<\/label><input type=\"text\" id=\"wpforms-233-field_6\" class=\"wpforms-field-medium\" name=\"wpforms[fields][6]\" aria-errormessage=\"wpforms-233-field_6-error\" aria-describedby=\"wpforms-233-field_6-description\" ><div id=\"wpforms-233-field_6-description\" class=\"wpforms-field-description\">Gender, Age, Height, Performance-Level<\/div><\/div><div id=\"wpforms-233-field_3-container\" class=\"wpforms-field wpforms-field-textarea\" data-field-id=\"3\"><label class=\"wpforms-field-label\" for=\"wpforms-233-field_3\">Message <span class=\"wpforms-required-label\" aria-hidden=\"true\">*<\/span><\/label><textarea id=\"wpforms-233-field_3\" class=\"wpforms-field-medium wpforms-field-required\" name=\"wpforms[fields][3]\" aria-errormessage=\"wpforms-233-field_3-error\" aria-describedby=\"wpforms-233-field_3-description\" required><\/textarea><div id=\"wpforms-233-field_3-description\" class=\"wpforms-field-description\">Any additional info&#8217;s or requests? Best time to cotact you?<\/div><\/div><script>\n\t\t\t\t( function() {\n\t\t\t\t\tconst style = document.createElement( 'style' );\n\t\t\t\t\tstyle.appendChild( document.createTextNode( '#wpforms-233-field_2-container { position: absolute !important; overflow: hidden !important; display: inline !important; height: 1px !important; width: 1px !important; z-index: -1000 !important; padding: 0 !important; } #wpforms-233-field_2-container input { visibility: hidden; } #wpforms-conversational-form-page #wpforms-233-field_2-container label { counter-increment: none; }' ) );\n\t\t\t\t\tdocument.head.appendChild( style );\n\t\t\t\t\tdocument.currentScript?.remove();\n\t\t\t\t} )();\n\t\t\t<\/script><\/div><!-- .wpforms-field-container --><div class=\"wpforms-submit-container\" ><input type=\"hidden\" name=\"wpforms[id]\" value=\"233\"><input type=\"hidden\" name=\"page_title\" value=\"\"><input type=\"hidden\" name=\"page_url\" value=\"https:\/\/sixbar6.com\/pl\/wp-json\/wp\/v2\/pages\/227\"><input type=\"hidden\" name=\"url_referer\" value=\"\"><button type=\"submit\" name=\"wpforms[submit]\" id=\"wpforms-submit-233\" class=\"wpforms-submit\" data-alt-text=\"Sending...\" data-submit-text=\"Submit\" aria-live=\"assertive\" value=\"wpforms-submit\">Submit<\/button><img decoding=\"async\" src=\"https:\/\/sixbar6.com\/wp-content\/plugins\/wpforms-lite\/assets\/images\/submit-spin.svg\" class=\"wpforms-submit-spinner\" style=\"display: none;\" width=\"26\" height=\"26\" alt=\"Wczytywanie\"><\/div><\/form><\/div>  <!-- .wpforms-container --><\/div>\n<\/div>\n\n\n\n<p class=\"has-text-align-center has-large-font-size\"><strong>For more information on our <a href=\"https:\/\/sixbar6.com\/horse-listings\/\" data-type=\"link\" data-id=\"https:\/\/sixbar6.com\/horse-listings\/\">Horse-Listings<\/a><\/strong><\/p>\n<\/div><\/div>\n","protected":false},"excerpt":{"rendered":"<p>Your next Champion is just ONE Conversation away! Looking for a Top-Quality European Show Jumper? Our expert team is here to match you with the perfect horse for your needs. With&nbsp;exclusive access to Poland\u2019s best&nbsp;and years of professional experience, we\u2019ll guide you every step of the way. Request a FREE Consultation&nbsp;today and let\u2019s find the [&hellip;]<\/p>\n","protected":false},"author":1,"featured_media":0,"parent":0,"menu_order":0,"comment_status":"closed","ping_status":"closed","template":"","meta":{"_acf_changed":false,"_uag_custom_page_level_css":"","ocean_post_layout":"full-width","ocean_both_sidebars_style":"","ocean_both_sidebars_content_width":0,"ocean_both_sidebars_sidebars_width":0,"ocean_sidebar":"","ocean_second_sidebar":"","ocean_disable_margins":"enable","ocean_add_body_class":"","ocean_shortcode_before_top_bar":"","ocean_shortcode_after_top_bar":"","ocean_shortcode_before_header":"","ocean_shortcode_after_header":"","ocean_has_shortcode":"","ocean_shortcode_after_title":"","ocean_shortcode_before_footer_widgets":"","ocean_shortcode_after_footer_widgets":"","ocean_shortcode_before_footer_bottom":"","ocean_shortcode_after_footer_bottom":"","ocean_display_top_bar":"default","ocean_display_header":"default","ocean_header_style":"","ocean_center_header_left_menu":"","ocean_custom_header_template":"","ocean_custom_logo":0,"ocean_custom_retina_logo":0,"ocean_custom_logo_max_width":0,"ocean_custom_logo_tablet_max_width":0,"ocean_custom_logo_mobile_max_width":0,"ocean_custom_logo_max_height":0,"ocean_custom_logo_tablet_max_height":0,"ocean_custom_logo_mobile_max_height":0,"ocean_header_custom_menu":"","ocean_menu_typo_font_family":"","ocean_menu_typo_font_subset":"","ocean_menu_typo_font_size":0,"ocean_menu_typo_font_size_tablet":0,"ocean_menu_typo_font_size_mobile":0,"ocean_menu_typo_font_size_unit":"px","ocean_menu_typo_font_weight":"","ocean_menu_typo_font_weight_tablet":"","ocean_menu_typo_font_weight_mobile":"","ocean_menu_typo_transform":"","ocean_menu_typo_transform_tablet":"","ocean_menu_typo_transform_mobile":"","ocean_menu_typo_line_height":0,"ocean_menu_typo_line_height_tablet":0,"ocean_menu_typo_line_height_mobile":0,"ocean_menu_typo_line_height_unit":"","ocean_menu_typo_spacing":0,"ocean_menu_typo_spacing_tablet":0,"ocean_menu_typo_spacing_mobile":0,"ocean_menu_typo_spacing_unit":"","ocean_menu_link_color":"","ocean_menu_link_color_hover":"","ocean_menu_link_color_active":"","ocean_menu_link_background":"","ocean_menu_link_hover_background":"","ocean_menu_link_active_background":"","ocean_menu_social_links_bg":"","ocean_menu_social_hover_links_bg":"","ocean_menu_social_links_color":"","ocean_menu_social_hover_links_color":"","ocean_disable_title":"default","ocean_disable_heading":"default","ocean_post_title":"","ocean_post_subheading":"","ocean_post_title_style":"default","ocean_post_title_background_color":"","ocean_post_title_background":0,"ocean_post_title_bg_image_position":"","ocean_post_title_bg_image_attachment":"","ocean_post_title_bg_image_repeat":"","ocean_post_title_bg_image_size":"","ocean_post_title_height":0,"ocean_post_title_bg_overlay":0.5,"ocean_post_title_bg_overlay_color":"","ocean_disable_breadcrumbs":"default","ocean_breadcrumbs_color":"","ocean_breadcrumbs_separator_color":"","ocean_breadcrumbs_links_color":"","ocean_breadcrumbs_links_hover_color":"","ocean_display_footer_widgets":"default","ocean_display_footer_bottom":"default","ocean_custom_footer_template":"","footnotes":""},"class_list":["post-227","page","type-page","status-publish","hentry","entry"],"acf":[],"uagb_featured_image_src":{"full":false,"thumbnail":false,"medium":false,"medium_large":false,"large":false,"1536x1536":false,"2048x2048":false,"trp-custom-language-flag":false,"ocean-thumb-m":false,"ocean-thumb-ml":false,"ocean-thumb-l":false},"uagb_author_info":{"display_name":"admin","author_link":"https:\/\/sixbar6.com\/pl\/author\/admin\/"},"uagb_comment_info":0,"uagb_excerpt":"Your next Champion is just ONE Conversation away! Looking for a Top-Quality European Show Jumper? Our expert team is here to match you with the perfect horse for your needs. With&nbsp;exclusive access to Poland\u2019s best&nbsp;and years of professional experience, we\u2019ll guide you every step of the way. Request a FREE Consultation&nbsp;today and let\u2019s find the&hellip;","_links":{"self":[{"href":"https:\/\/sixbar6.com\/pl\/wp-json\/wp\/v2\/pages\/227","targetHints":{"allow":["GET"]}}],"collection":[{"href":"https:\/\/sixbar6.com\/pl\/wp-json\/wp\/v2\/pages"}],"about":[{"href":"https:\/\/sixbar6.com\/pl\/wp-json\/wp\/v2\/types\/page"}],"author":[{"embeddable":true,"href":"https:\/\/sixbar6.com\/pl\/wp-json\/wp\/v2\/users\/1"}],"replies":[{"embeddable":true,"href":"https:\/\/sixbar6.com\/pl\/wp-json\/wp\/v2\/comments?post=227"}],"version-history":[{"count":42,"href":"https:\/\/sixbar6.com\/pl\/wp-json\/wp\/v2\/pages\/227\/revisions"}],"predecessor-version":[{"id":828,"href":"https:\/\/sixbar6.com\/pl\/wp-json\/wp\/v2\/pages\/227\/revisions\/828"}],"wp:attachment":[{"href":"https:\/\/sixbar6.com\/pl\/wp-json\/wp\/v2\/media?parent=227"}],"curies":[{"name":"wp","href":"https:\/\/api.w.org\/{rel}","templated":true}]}}