{"id":128,"date":"2025-01-29T13:49:54","date_gmt":"2025-01-29T13:49:54","guid":{"rendered":"http:\/\/sixbar6.com\/?page_id=128"},"modified":"2025-03-11T12:56:47","modified_gmt":"2025-03-11T12:56:47","slug":"a-world-of-opportunities","status":"publish","type":"page","link":"https:\/\/sixbar6.com\/pl\/a-world-of-opportunities\/","title":{"rendered":"Twoje mo\u017cliwo\u015bci!"},"content":{"rendered":"<h2 class=\"wp-block-heading\" style=\"font-size:39px\">Otw\u00f3rz \u015bwiat nieograniczonych mo\u017cliwo\u015bci <\/h2>\n\n\n\n<p><\/p>\n\n\n\n\n\n<h2 class=\"wp-block-heading\" style=\"font-size:39px\">Exclusive Access to Europe\u2019s Finest Show Jumpers<\/h2>\n\n\n\n<div class=\"wp-block-columns is-layout-flex wp-container-core-columns-is-layout-1 wp-block-columns-is-layout-flex\">\n<div class=\"wp-block-column is-layout-flow wp-block-column-is-layout-flow\">\n<p>W SixBar6 \u0142\u0105czymy Ci\u0119 z&nbsp;<strong>top-tier show jumpers<\/strong>&nbsp;prosto z&nbsp;<strong>elitarnych polskich program\u00f3w hodowlanych i treningowych.<\/strong>Dzi\u0119ki naszemu&nbsp;<strong>ekspertowi \u2013 by\u0142emu profesjonalnemu skoczkow<\/strong>kt\u00f3ry zdobywa\u0142 do\u015bwiadczenie w najwi\u0119kszej pa\u0144stwowej stadninie w Polsce i ma ponad&nbsp;<strong>30 lat praktyki<\/strong>- zapewniamy Ci&nbsp;<strong>exclusive access<\/strong>&nbsp;to the nation\u2019s&nbsp;<strong>best talents<\/strong>, from rising stars to&nbsp;<strong>Grand Prix champions<\/strong>.<\/p>\n\n\n\n<figure class=\"wp-block-image size-full wp-duotone-unset-1\"><img fetchpriority=\"high\" decoding=\"async\" width=\"1000\" height=\"1000\" src=\"http:\/\/sixbar6.com\/wp-content\/uploads\/2025\/01\/SixBar6-Logo-White-free.png\" alt=\"\" class=\"wp-image-8\" srcset=\"https:\/\/sixbar6.com\/wp-content\/uploads\/2025\/01\/SixBar6-Logo-White-free.png 1000w, https:\/\/sixbar6.com\/wp-content\/uploads\/2025\/01\/SixBar6-Logo-White-free-300x300.png 300w, https:\/\/sixbar6.com\/wp-content\/uploads\/2025\/01\/SixBar6-Logo-White-free-150x150.png 150w, https:\/\/sixbar6.com\/wp-content\/uploads\/2025\/01\/SixBar6-Logo-White-free-768x768.png 768w, https:\/\/sixbar6.com\/wp-content\/uploads\/2025\/01\/SixBar6-Logo-White-free-600x600.png 600w\" sizes=\"(max-width: 1000px) 100vw, 1000px\" \/><\/figure>\n<\/div>\n\n\n\n<div class=\"wp-block-column is-layout-flow wp-block-column-is-layout-flow\"><div class=\"wp-block-image wp-duotone-grayscale\">\n<figure class=\"aligncenter size-full is-resized\"><img decoding=\"async\" width=\"3300\" height=\"2550\" src=\"http:\/\/sixbar6.com\/wp-content\/uploads\/2025\/02\/Easy_Rider_ohne-Logo.copy_.png\" alt=\"\" class=\"wp-image-331\" style=\"width:228px;height:auto\" srcset=\"https:\/\/sixbar6.com\/wp-content\/uploads\/2025\/02\/Easy_Rider_ohne-Logo.copy_.png 3300w, https:\/\/sixbar6.com\/wp-content\/uploads\/2025\/02\/Easy_Rider_ohne-Logo.copy_-300x232.png 300w, https:\/\/sixbar6.com\/wp-content\/uploads\/2025\/02\/Easy_Rider_ohne-Logo.copy_-1024x791.png 1024w, https:\/\/sixbar6.com\/wp-content\/uploads\/2025\/02\/Easy_Rider_ohne-Logo.copy_-768x593.png 768w, https:\/\/sixbar6.com\/wp-content\/uploads\/2025\/02\/Easy_Rider_ohne-Logo.copy_-1536x1187.png 1536w, https:\/\/sixbar6.com\/wp-content\/uploads\/2025\/02\/Easy_Rider_ohne-Logo.copy_-2048x1583.png 2048w, https:\/\/sixbar6.com\/wp-content\/uploads\/2025\/02\/Easy_Rider_ohne-Logo.copy_-16x12.png 16w\" sizes=\"(max-width: 3300px) 100vw, 3300px\" \/><\/figure><\/div>\n\n\n<h2 class=\"wp-block-heading\">Bezproblemowa logistyka i transport \u2013 wszystko w naszych r\u0119kach<\/h2>\n\n\n\n<p>Unlike other sales platforms, we provide\u00a0<strong>in-house horse transport<\/strong>\u00a0through our\u00a0<strong>own professional horse-transport service, EASYRider Horse Transport Service<\/strong>. This means that we personally\u00a0<strong>handle the entire journey<\/strong>\u00a0from Poland to the buyer\u2019s stable, ensuring a\u00a0<strong>safe, smooth, and stress-free experience<\/strong>\u00a0for every horse.<\/p>\n<\/div>\n\n\n\n<div class=\"wp-block-column is-layout-flow wp-block-column-is-layout-flow\">\n<h2 class=\"wp-block-heading\">Trenerzy, kt\u00f3rym mo\u017cesz zaufa\u0107<\/h2>\n\n\n\n<p class=\"translation-block\">Nasi eksperci w USA i Europie, kt\u00f3rzy zdobywali do\u015bwiadczenie w pa\u0144stwowych stadninach oraz na zawodach mi\u0119dzynarodowych, maj\u0105 wyj\u0105tkowy zmys\u0142 do oceny talentu. Starannie wybieraj\u0105 najlepszych trener\u00f3w do naszego programu SixBar6 JumpStart, aby ka\u017cda rekomendacja spe\u0142nia\u0142a najwy\u017csze standardy bran\u017cowe.<\/p>\n\n\n<div class=\"wp-block-image wp-duotone-grayscale\">\n<figure class=\"aligncenter size-large is-resized\"><img decoding=\"async\" width=\"1024\" height=\"982\" src=\"http:\/\/sixbar6.com\/wp-content\/uploads\/2025\/02\/Logo_Tierklinik_positiv_Pferd-1024x982.png\" alt=\"\" class=\"wp-image-332\" style=\"width:209px;height:auto\" srcset=\"https:\/\/sixbar6.com\/wp-content\/uploads\/2025\/02\/Logo_Tierklinik_positiv_Pferd-1024x982.png 1024w, https:\/\/sixbar6.com\/wp-content\/uploads\/2025\/02\/Logo_Tierklinik_positiv_Pferd-300x288.png 300w, https:\/\/sixbar6.com\/wp-content\/uploads\/2025\/02\/Logo_Tierklinik_positiv_Pferd-768x736.png 768w, https:\/\/sixbar6.com\/wp-content\/uploads\/2025\/02\/Logo_Tierklinik_positiv_Pferd-13x12.png 13w, https:\/\/sixbar6.com\/wp-content\/uploads\/2025\/02\/Logo_Tierklinik_positiv_Pferd.png 1214w\" sizes=\"(max-width: 1024px) 100vw, 1024px\" \/><\/figure><\/div><\/div>\n<\/div>\n\n\n\n<div class=\"wp-block-columns is-layout-flex wp-container-core-columns-is-layout-2 wp-block-columns-is-layout-flex\">\n<div class=\"wp-block-column is-layout-flow wp-block-column-is-layout-flow\">\n<h2 class=\"wp-block-heading has-large-font-size\">Uczciwa i transparentna sprzeda\u017c<\/h2>\n\n\n\n<p class=\"has-large-font-size translation-block\">W SixBar6 zaufanie i przejrzysto\u015b\u0107 to nasze priorytety:<\/p>\n<\/div>\n\n\n\n<div class=\"wp-block-column is-layout-flow wp-block-column-is-layout-flow\">\n<ul class=\"wp-block-list\">\n<li class=\"translation-block\">Pe\u0142na kontrola weterynaryjna \u2013 Konie przed eksportem s\u0105 stacjonowane w naszej partnerskiej klinice weterynaryjnej w Niemczech, gdzie przechodz\u0105 wszystkie niezb\u0119dne badania i dodatkowe testy na \u017cyczenie kupuj\u0105cego.<\/li>\n\n\n\n<li class=\"translation-block\">Sprawdzona jako\u015b\u0107 \u2013 Nasz zesp\u00f3\u0142 je\u017ad\u017ac\u00f3w dok\u0142adnie testuje i ocenia ka\u017cdego konia.<\/li>\n\n\n\n<li class=\"has-medium-font-size translation-block\">Pe\u0142na przejrzysto\u015b\u0107 \u2013 Kupuj\u0105cy jest informowany na ka\u017cdym etapie procesu.<\/li>\n\n\n\n<li class=\"translation-block\">Mo\u017cliwo\u015b\u0107 testowania koni \u2013 Organizujemy wyjazdy do Polski, gdzie klienci mog\u0105 osobi\u015bcie przetestowa\u0107 konie przed zakupem.<\/li>\n<\/ul>\n<\/div>\n<\/div>\n\n\n\n<p class=\"has-text-align-center has-large-font-size translation-block\">Z SixBar6 nie tylko kupujesz konia \u2013 inwestujesz w zaufany, profesjonalny i bezproblemowy proces od pocz\u0105tku do ko\u0144ca.<\/p>\n\n\n<div class=\"wp-block-image wp-duotone-unset-2\">\n<figure class=\"aligncenter size-full is-resized\"><a href=\"http:\/\/sixbar6.com\/pl\/show-jumper-contact\/\"><img loading=\"lazy\" decoding=\"async\" width=\"400\" height=\"400\" src=\"http:\/\/sixbar6.com\/wp-content\/uploads\/2025\/02\/LETS-Talk-Button.png\" alt=\"\" class=\"wp-image-310\" style=\"width:442px;height:auto\" srcset=\"https:\/\/sixbar6.com\/wp-content\/uploads\/2025\/02\/LETS-Talk-Button.png 400w, https:\/\/sixbar6.com\/wp-content\/uploads\/2025\/02\/LETS-Talk-Button-300x300.png 300w, https:\/\/sixbar6.com\/wp-content\/uploads\/2025\/02\/LETS-Talk-Button-150x150.png 150w, https:\/\/sixbar6.com\/wp-content\/uploads\/2025\/02\/LETS-Talk-Button-12x12.png 12w\" sizes=\"(max-width: 400px) 100vw, 400px\" \/><\/a><\/figure><\/div>\n\n\n<p><\/p>","protected":false},"excerpt":{"rendered":"<p>Unlock a World of Unlimited Opportunities Exclusive Access to Europe\u2019s Finest Show Jumpers At SixBar6, we connect you with&nbsp;top-tier show jumpers&nbsp;straight from Poland\u2019s&nbsp;elite breeding and training programs. With the guidance of our&nbsp;former professional showjumper\u2014trained at Poland\u2019s leading state stud and with over&nbsp;30 years of experience\u2014we grant you&nbsp;exclusive access&nbsp;to the nation\u2019s&nbsp;best talents, from rising stars to&nbsp;Grand [&hellip;]<\/p>\n","protected":false},"author":1,"featured_media":0,"parent":0,"menu_order":0,"comment_status":"closed","ping_status":"closed","template":"","meta":{"_acf_changed":false,"_uag_custom_page_level_css":"","ocean_post_layout":"full-width","ocean_both_sidebars_style":"","ocean_both_sidebars_content_width":0,"ocean_both_sidebars_sidebars_width":0,"ocean_sidebar":"","ocean_second_sidebar":"","ocean_disable_margins":"enable","ocean_add_body_class":"","ocean_shortcode_before_top_bar":"","ocean_shortcode_after_top_bar":"","ocean_shortcode_before_header":"","ocean_shortcode_after_header":"","ocean_has_shortcode":"","ocean_shortcode_after_title":"","ocean_shortcode_before_footer_widgets":"","ocean_shortcode_after_footer_widgets":"","ocean_shortcode_before_footer_bottom":"","ocean_shortcode_after_footer_bottom":"","ocean_display_top_bar":"default","ocean_display_header":"default","ocean_header_style":"","ocean_center_header_left_menu":"","ocean_custom_header_template":"","ocean_custom_logo":0,"ocean_custom_retina_logo":0,"ocean_custom_logo_max_width":0,"ocean_custom_logo_tablet_max_width":0,"ocean_custom_logo_mobile_max_width":0,"ocean_custom_logo_max_height":0,"ocean_custom_logo_tablet_max_height":0,"ocean_custom_logo_mobile_max_height":0,"ocean_header_custom_menu":"","ocean_menu_typo_font_family":"","ocean_menu_typo_font_subset":"","ocean_menu_typo_font_size":0,"ocean_menu_typo_font_size_tablet":0,"ocean_menu_typo_font_size_mobile":0,"ocean_menu_typo_font_size_unit":"px","ocean_menu_typo_font_weight":"","ocean_menu_typo_font_weight_tablet":"","ocean_menu_typo_font_weight_mobile":"","ocean_menu_typo_transform":"","ocean_menu_typo_transform_tablet":"","ocean_menu_typo_transform_mobile":"","ocean_menu_typo_line_height":0,"ocean_menu_typo_line_height_tablet":0,"ocean_menu_typo_line_height_mobile":0,"ocean_menu_typo_line_height_unit":"","ocean_menu_typo_spacing":0,"ocean_menu_typo_spacing_tablet":0,"ocean_menu_typo_spacing_mobile":0,"ocean_menu_typo_spacing_unit":"","ocean_menu_link_color":"","ocean_menu_link_color_hover":"","ocean_menu_link_color_active":"","ocean_menu_link_background":"","ocean_menu_link_hover_background":"","ocean_menu_link_active_background":"","ocean_menu_social_links_bg":"","ocean_menu_social_hover_links_bg":"","ocean_menu_social_links_color":"","ocean_menu_social_hover_links_color":"","ocean_disable_title":"default","ocean_disable_heading":"default","ocean_post_title":"","ocean_post_subheading":"","ocean_post_title_style":"","ocean_post_title_background_color":"","ocean_post_title_background":0,"ocean_post_title_bg_image_position":"","ocean_post_title_bg_image_attachment":"","ocean_post_title_bg_image_repeat":"","ocean_post_title_bg_image_size":"","ocean_post_title_height":0,"ocean_post_title_bg_overlay":0.5,"ocean_post_title_bg_overlay_color":"","ocean_disable_breadcrumbs":"default","ocean_breadcrumbs_color":"","ocean_breadcrumbs_separator_color":"","ocean_breadcrumbs_links_color":"","ocean_breadcrumbs_links_hover_color":"","ocean_display_footer_widgets":"default","ocean_display_footer_bottom":"default","ocean_custom_footer_template":"","footnotes":""},"class_list":["post-128","page","type-page","status-publish","hentry","entry"],"acf":[],"uagb_featured_image_src":{"full":false,"thumbnail":false,"medium":false,"medium_large":false,"large":false,"1536x1536":false,"2048x2048":false,"trp-custom-language-flag":false,"ocean-thumb-m":false,"ocean-thumb-ml":false,"ocean-thumb-l":false},"uagb_author_info":{"display_name":"admin","author_link":"https:\/\/sixbar6.com\/pl\/author\/admin\/"},"uagb_comment_info":0,"uagb_excerpt":"Unlock a World of Unlimited Opportunities Exclusive Access to Europe\u2019s Finest Show Jumpers At SixBar6, we connect you with&nbsp;top-tier show jumpers&nbsp;straight from Poland\u2019s&nbsp;elite breeding and training programs. With the guidance of our&nbsp;former professional showjumper\u2014trained at Poland\u2019s leading state stud and with over&nbsp;30 years of experience\u2014we grant you&nbsp;exclusive access&nbsp;to the nation\u2019s&nbsp;best talents, from rising stars to&nbsp;Grand&hellip;","_links":{"self":[{"href":"https:\/\/sixbar6.com\/pl\/wp-json\/wp\/v2\/pages\/128","targetHints":{"allow":["GET"]}}],"collection":[{"href":"https:\/\/sixbar6.com\/pl\/wp-json\/wp\/v2\/pages"}],"about":[{"href":"https:\/\/sixbar6.com\/pl\/wp-json\/wp\/v2\/types\/page"}],"author":[{"embeddable":true,"href":"https:\/\/sixbar6.com\/pl\/wp-json\/wp\/v2\/users\/1"}],"replies":[{"embeddable":true,"href":"https:\/\/sixbar6.com\/pl\/wp-json\/wp\/v2\/comments?post=128"}],"version-history":[{"count":44,"href":"https:\/\/sixbar6.com\/pl\/wp-json\/wp\/v2\/pages\/128\/revisions"}],"predecessor-version":[{"id":990,"href":"https:\/\/sixbar6.com\/pl\/wp-json\/wp\/v2\/pages\/128\/revisions\/990"}],"wp:attachment":[{"href":"https:\/\/sixbar6.com\/pl\/wp-json\/wp\/v2\/media?parent=128"}],"curies":[{"name":"wp","href":"https:\/\/api.w.org\/{rel}","templated":true}]}}