{"id":1142,"date":"2025-03-18T12:42:42","date_gmt":"2025-03-18T12:42:42","guid":{"rendered":"https:\/\/sixbar6.com\/?page_id=1142"},"modified":"2025-03-20T21:25:08","modified_gmt":"2025-03-20T21:25:08","slug":"kupcy-koni-ameryka-polnocna","status":"publish","type":"page","link":"https:\/\/sixbar6.com\/pl\/kupcy-koni-ameryka-polnocna\/","title":{"rendered":"Kupcy koni z Ameryki P\u00f3\u0142nocnej"},"content":{"rendered":"<div class=\"wp-block-cover aligncenter is-light wp-duotone-094850-f9644e-1\" style=\"margin-top:0;padding-top:48px;padding-right:48px;padding-bottom:48px;padding-left:48px;min-height:686px;aspect-ratio:unset;\"><span aria-hidden=\"true\" class=\"wp-block-cover__background has-background-dim-30 has-background-dim\" style=\"background-color:#FFF\"><\/span><img fetchpriority=\"high\" decoding=\"async\" width=\"1000\" height=\"522\" class=\"wp-block-cover__image-background wp-image-1156\" alt=\"Kupcy koni z Ameryki P\u00f3\u0142nocnej\" src=\"http:\/\/sixbar6.com\/wp-content\/uploads\/2025\/03\/Adam-Nippon-Cava_-BW.png\" data-object-fit=\"cover\" srcset=\"https:\/\/sixbar6.com\/wp-content\/uploads\/2025\/03\/Adam-Nippon-Cava_-BW.png 1000w, https:\/\/sixbar6.com\/wp-content\/uploads\/2025\/03\/Adam-Nippon-Cava_-BW-300x157.png 300w, https:\/\/sixbar6.com\/wp-content\/uploads\/2025\/03\/Adam-Nippon-Cava_-BW-768x401.png 768w, https:\/\/sixbar6.com\/wp-content\/uploads\/2025\/03\/Adam-Nippon-Cava_-BW-18x9.png 18w\" sizes=\"(max-width: 1000px) 100vw, 1000px\" \/><div class=\"wp-block-cover__inner-container is-layout-flow wp-block-cover-is-layout-flow\">\n<div class=\"wp-block-group is-content-justification-left\"><div class=\"wp-block-group__inner-container is-layout-constrained wp-container-core-group-is-layout-1 wp-block-group-is-layout-constrained\">\n<h2 class=\"wp-block-heading alignwide has-text-align-center has-white-color has-text-color\" style=\"font-size:56px;font-style:normal;font-weight:700;letter-spacing:0px;line-height:1;text-transform:uppercase\"><em>Kupcy koni z Ameryki P\u00f3\u0142nocnej\u00a0<\/em><\/h2>\n<\/div><\/div>\n\n\n\n<h2 class=\"wp-block-heading alignwide has-text-align-left has-white-color has-text-color has-link-color wp-elements-b246c275acf48db217ab79e9316fb371\" style=\"font-size:42px\">Sprzedaj swojego konia bez po\u015brednik\u00f3w!<\/h2>\n\n\n\n<div style=\"height:72px\" aria-hidden=\"true\" class=\"wp-block-spacer\"><\/div>\n\n\n\n<div class=\"wp-block-buttons alignwide is-content-justification-right is-nowrap is-layout-flex wp-container-core-buttons-is-layout-1 wp-block-buttons-is-layout-flex\">\n<div class=\"wp-block-button has-custom-font-size is-style-fill\" style=\"font-size:16px;font-style:normal;font-weight:600;letter-spacing:0px;text-transform:uppercase\"><a class=\"wp-block-button__link has-white-color has-vivid-red-background-color has-text-color has-background has-text-align-right wp-element-button\" href=\"https:\/\/sixbar6.com\/pl\/sell-your-horse\/\" style=\"padding-top:24px;padding-right:48px;padding-bottom:24px;padding-left:48px\">Zarejestruj swojego konia do ekskluzywnej sprzeda\u017cy<\/a><\/div>\n<\/div>\n<\/div><\/div>\n\n\n\n<div style=\"height:51px\" aria-hidden=\"true\" class=\"wp-block-spacer\"><\/div>\n\n\n\n<h3 class=\"wp-block-heading has-large-font-size\">Zapewniamy dost\u0119p do powa\u017cnych nabywc\u00f3w, transparentny proces i profesjonalne wsparcie w sprzeda\u017cy Twojego konia.<\/h3>\n\n\n\n<div class=\"wp-block-buttons alignwide is-content-justification-right is-layout-flex wp-container-core-buttons-is-layout-2 wp-block-buttons-is-layout-flex\">\n<div class=\"wp-block-button has-custom-font-size\" style=\"font-size:16px;text-transform:uppercase\"><a class=\"wp-block-button__link has-vivid-red-background-color has-background wp-element-button\" href=\"https:\/\/sixbar6.com\/pl\/full-horse-registration-form\/\">Zarejestruj swojego konia teraz<\/a><\/div>\n<\/div>\n\n\n\n<div style=\"height:49px\" aria-hidden=\"true\" class=\"wp-block-spacer\"><\/div>\n\n\n\n<div class=\"wp-block-columns alignwide is-layout-flex wp-container-core-columns-is-layout-1 wp-block-columns-is-layout-flex\">\n<div class=\"wp-block-column is-vertically-aligned-center is-layout-flow wp-block-column-is-layout-flow\">      \n\t\t\t<div class=\"uagb-icon-wrapper uagb-block-c2f993fc\"\n\t\t\tstyle=\"\" >\n\t\t\t\t\t\t\t\t\t<span class=\"uagb-svg-wrapper\" \n\t\t\t\t\t aria-label=\"handshake\"\t\t\t\t\ttabindex=\"0\">\t\t\n\t\t\t\t\t\t\t\t\t\t<svg xmlns=\"https:\/\/www.w3.org\/2000\/svg\" viewbox= \"0 0 640 512\" role=\"graphics-symbol\" aria-hidden=\"false\" aria-label=\"\"><path d=\"M0 383.9l64 .0404c17.75 0 32-14.29 32-32.03V128.3L0 128.3V383.9zM48 320.1c8.75 0 16 7.118 16 15.99c0 8.742-7.25 15.99-16 15.99S32 344.8 32 336.1C32 327.2 39.25 320.1 48 320.1zM348.8 64c-7.941 0-15.66 2.969-21.52 8.328L228.9 162.3C228.8 162.5 228.8 162.7 228.6 162.7C212 178.3 212.3 203.2 226.5 218.7c12.75 13.1 39.38 17.62 56.13 2.75C282.8 221.3 282.9 221.3 283 221.2l79.88-73.1c6.5-5.871 16.75-5.496 22.62 1c6 6.496 5.5 16.62-1 22.62l-26.12 23.87L504 313.7c2.875 2.496 5.5 4.996 7.875 7.742V127.1c-40.98-40.96-96.48-63.88-154.4-63.88L348.8 64zM334.6 217.4l-30 27.49c-29.75 27.11-75.25 24.49-101.8-4.371C176 211.2 178.1 165.7 207.3 138.9L289.1 64H282.5C224.7 64 169.1 87.08 128.2 127.9L128 351.8l18.25 .0369l90.5 81.82c27.5 22.37 67.75 18.12 90-9.246l18.12 15.24c15.88 12.1 39.38 10.5 52.38-5.371l31.38-38.6l5.374 4.498c13.75 11 33.88 9.002 45-4.748l9.538-11.78c11.12-13.75 9.036-33.78-4.694-44.93L334.6 217.4zM544 128.4v223.6c0 17.62 14.25 32.05 31.1 32.05L640 384V128.1L544 128.4zM592 352c-8.75 0-16-7.246-16-15.99c0-8.875 7.25-15.99 16-15.99S608 327.2 608 336.1C608 344.8 600.8 352 592 352z\"><\/path><\/svg>\n\t\t\t\t\t\t\t\t\t<\/span>\n\t\t\t\t\t\t\t<\/div>\n\t\t\t\n\n\n<h2 class=\"wp-block-heading has-text-align-center\">Bezpo\u015bredni dost\u0119p do kupc\u00f3w<\/h2>\n\n\n\n<p class=\"has-text-align-center has-medium-font-size\">Dzi\u0119ki naszej sieci sprzedasz swojego konia do sprawdzonych nabywc\u00f3w w Ameryce P\u00f3\u0142nocnej.<\/p>\n<\/div>\n\n\n\n<div class=\"wp-block-column is-vertically-aligned-center is-layout-flow wp-block-column-is-layout-flow\">      \n\t\t\t<div class=\"uagb-icon-wrapper uagb-block-f599cb2c\"\n\t\t\tstyle=\"\" >\n\t\t\t\t\t\t\t\t\t<span class=\"uagb-svg-wrapper\" \n\t\t\t\t\t aria-label=\"lock\"\t\t\t\t\ttabindex=\"0\">\t\t\n\t\t\t\t\t\t\t\t\t\t<svg xmlns=\"https:\/\/www.w3.org\/2000\/svg\" viewbox= \"0 0 448 512\" role=\"graphics-symbol\" aria-hidden=\"false\" aria-label=\"\"><path d=\"M80 192V144C80 64.47 144.5 0 224 0C303.5 0 368 64.47 368 144V192H384C419.3 192 448 220.7 448 256V448C448 483.3 419.3 512 384 512H64C28.65 512 0 483.3 0 448V256C0 220.7 28.65 192 64 192H80zM144 192H304V144C304 99.82 268.2 64 224 64C179.8 64 144 99.82 144 144V192z\"><\/path><\/svg>\n\t\t\t\t\t\t\t\t\t<\/span>\n\t\t\t\t\t\t\t<\/div>\n\t\t\t\n\n\n<h2 class=\"wp-block-heading has-text-align-center\">Prywatno\u015b\u0107 i bezpiecze\u0144stwo<\/h2>\n\n\n\n<p class=\"has-text-align-center has-medium-font-size\">Brak zb\u0119dnych po\u015brednik\u00f3w \u2013 SixBar6 gwarantuje pe\u0142n\u0105 kontrol\u0119 nad procesem sprzeda\u017cy.<\/p>\n<\/div>\n\n\n\n<div class=\"wp-block-column is-vertically-aligned-center is-layout-flow wp-block-column-is-layout-flow\">      \n\t\t\t<div class=\"uagb-icon-wrapper uagb-block-f294f240\"\n\t\t\tstyle=\"\" >\n\t\t\t\t\t\t\t\t\t<span class=\"uagb-svg-wrapper\" \n\t\t\t\t\t aria-label=\"rocket\"\t\t\t\t\ttabindex=\"0\">\t\t\n\t\t\t\t\t\t\t\t\t\t<svg xmlns=\"https:\/\/www.w3.org\/2000\/svg\" viewbox= \"0 0 512 512\" role=\"graphics-symbol\" aria-hidden=\"false\" aria-label=\"\"><path d=\"M156.6 384.9L125.7 353.1C117.2 345.5 114.2 333.1 117.1 321.8C120.1 312.9 124.1 301.3 129.8 288H24C15.38 288 7.414 283.4 3.146 275.9C-1.123 268.4-1.042 259.2 3.357 251.8L55.83 163.3C68.79 141.4 92.33 127.1 117.8 127.1H200C202.4 124 204.8 120.3 207.2 116.7C289.1-4.07 411.1-8.142 483.9 5.275C495.6 7.414 504.6 16.43 506.7 28.06C520.1 100.9 516.1 222.9 395.3 304.8C391.8 307.2 387.1 309.6 384 311.1V394.2C384 419.7 370.6 443.2 348.7 456.2L260.2 508.6C252.8 513 243.6 513.1 236.1 508.9C228.6 504.6 224 496.6 224 488V380.8C209.9 385.6 197.6 389.7 188.3 392.7C177.1 396.3 164.9 393.2 156.6 384.9V384.9zM384 167.1C406.1 167.1 424 150.1 424 127.1C424 105.9 406.1 87.1 384 87.1C361.9 87.1 344 105.9 344 127.1C344 150.1 361.9 167.1 384 167.1z\"><\/path><\/svg>\n\t\t\t\t\t\t\t\t\t<\/span>\n\t\t\t\t\t\t\t<\/div>\n\t\t\t\n\n\n<h2 class=\"wp-block-heading has-text-align-center\">Profesjonalny marketing<\/h2>\n\n\n\n<p class=\"has-text-align-center has-medium-font-size\">Tw\u00f3j ko\u0144 b\u0119dzie prezentowany tylko powa\u017cnym kupcom, kt\u00f3rzy szukaj\u0105 elitarnych koni skokowych.<\/p>\n<\/div>\n<\/div>\n\n\n\n<div style=\"height:49px\" aria-hidden=\"true\" class=\"wp-block-spacer\"><\/div>\n\n\n\n<div class=\"wp-block-columns alignwide is-layout-flex wp-container-core-columns-is-layout-2 wp-block-columns-is-layout-flex\">\n<div class=\"wp-block-column is-layout-flow wp-block-column-is-layout-flow\">\n<div class=\"wp-block-cover alignwide\" style=\"min-height:100vh;aspect-ratio:unset;\"><span aria-hidden=\"true\" class=\"wp-block-cover__background has-background-dim\"><\/span><img decoding=\"async\" width=\"1024\" height=\"1024\" class=\"wp-block-cover__image-background wp-image-402\" alt=\"Sprzeda\u017c ko\u0144 skokowy przez po\u015brednik\u00f3w w Ameryce P\u00f3\u0142nocnej\" src=\"http:\/\/sixbar6.com\/wp-content\/uploads\/2025\/02\/nda5-1024x1024.png\" style=\"object-position:7% 48%\" data-object-fit=\"cover\" data-object-position=\"7% 48%\" srcset=\"https:\/\/sixbar6.com\/wp-content\/uploads\/2025\/02\/nda5-1024x1024.png 1024w, https:\/\/sixbar6.com\/wp-content\/uploads\/2025\/02\/nda5-300x300.png 300w, https:\/\/sixbar6.com\/wp-content\/uploads\/2025\/02\/nda5-150x150.png 150w, https:\/\/sixbar6.com\/wp-content\/uploads\/2025\/02\/nda5-768x768.png 768w, https:\/\/sixbar6.com\/wp-content\/uploads\/2025\/02\/nda5-12x12.png 12w, https:\/\/sixbar6.com\/wp-content\/uploads\/2025\/02\/nda5-600x600.png 600w, https:\/\/sixbar6.com\/wp-content\/uploads\/2025\/02\/nda5.png 1080w\" sizes=\"(max-width: 1024px) 100vw, 1024px\" \/><div class=\"wp-block-cover__inner-container is-layout-flow wp-block-cover-is-layout-flow\">\n<div style=\"height:172px\" aria-hidden=\"true\" class=\"wp-block-spacer\"><\/div>\n\n\n\n<h2 class=\"wp-block-heading alignwide has-text-align-center has-vivid-red-color has-text-color has-link-color has-large-font-size wp-elements-00c60d60fa17fe1ac837be2a8f28aef2\"><strong>Sprzeda\u017c przez po\u015brednik\u00f3w \u2013 <\/strong><br><strong>problem niestabilnych cen<\/strong><\/h2>\n\n\n\n<div style=\"height:42px\" aria-hidden=\"true\" class=\"wp-block-spacer\"><\/div>\n\n\n\n<p class=\"has-text-align-left has-white-color has-text-color has-link-color wp-elements-ee9ef942150e477de7d8da90f16f60d2\" style=\"font-size:26px\">W<strong>ielu hodowc\u00f3w powierza sprzeda\u017c swojego konia kilku r\u00f3\u017cnym po\u015brednikom i je\u017ad\u017acom jednocze\u015bnie. Efekt? Niejasne ceny, brak kontroli i trudno\u015bci w sprzeda\u017cy.<\/strong><\/p>\n\n\n\n<div style=\"height:50px\" aria-hidden=\"true\" class=\"wp-block-spacer\"><\/div>\n\n\n\n<div class=\"wp-block-uagb-icon-list uagb-block-bac6cbb3\"><div class=\"uagb-icon-list__wrap\">\n<div data-aos= \"fade-up\" data-aos-duration=\"400\" data-aos-delay=\"0\" data-aos-easing=\"ease\" data-aos-once=\"true\" class=\"wp-block-uagb-icon-list-child uagb-block-b571a443\"><span class=\"uagb-icon-list__source-wrap\"><svg xmlns=\"https:\/\/www.w3.org\/2000\/svg\" viewbox=\"0 0 320 512\"><path d=\"M310.6 361.4c12.5 12.5 12.5 32.75 0 45.25C304.4 412.9 296.2 416 288 416s-16.38-3.125-22.62-9.375L160 301.3L54.63 406.6C48.38 412.9 40.19 416 32 416S15.63 412.9 9.375 406.6c-12.5-12.5-12.5-32.75 0-45.25l105.4-105.4L9.375 150.6c-12.5-12.5-12.5-32.75 0-45.25s32.75-12.5 45.25 0L160 210.8l105.4-105.4c12.5-12.5 32.75-12.5 45.25 0s12.5 32.75 0 45.25l-105.4 105.4L310.6 361.4z\"><\/path><\/svg><\/span><span class=\"uagb-icon-list__label\"><strong>Ka\u017cdy po\u015brednik ustala swoj\u0105 mar\u017c\u0119<\/strong><\/span><\/div>\n\n\n\n<div data-aos= \"fade-up\" data-aos-duration=\"400\" data-aos-delay=\"0\" data-aos-easing=\"ease\" data-aos-once=\"true\" class=\"wp-block-uagb-icon-list-child uagb-block-3931d50e\"><span class=\"uagb-icon-list__source-wrap\"><svg xmlns=\"https:\/\/www.w3.org\/2000\/svg\" viewbox=\"0 0 320 512\"><path d=\"M310.6 361.4c12.5 12.5 12.5 32.75 0 45.25C304.4 412.9 296.2 416 288 416s-16.38-3.125-22.62-9.375L160 301.3L54.63 406.6C48.38 412.9 40.19 416 32 416S15.63 412.9 9.375 406.6c-12.5-12.5-12.5-32.75 0-45.25l105.4-105.4L9.375 150.6c-12.5-12.5-12.5-32.75 0-45.25s32.75-12.5 45.25 0L160 210.8l105.4-105.4c12.5-12.5 32.75-12.5 45.25 0s12.5 32.75 0 45.25l-105.4 105.4L310.6 361.4z\"><\/path><\/svg><\/span><span class=\"uagb-icon-list__label\"><strong>Cena konia ci\u0105gle si\u0119 zmienia<\/strong><\/span><\/div>\n\n\n\n<div data-aos= \"fade-up\" data-aos-duration=\"400\" data-aos-delay=\"0\" data-aos-easing=\"ease\" data-aos-once=\"true\" class=\"wp-block-uagb-icon-list-child uagb-block-b37881c7\"><span class=\"uagb-icon-list__source-wrap\"><svg xmlns=\"https:\/\/www.w3.org\/2000\/svg\" viewbox=\"0 0 320 512\"><path d=\"M310.6 361.4c12.5 12.5 12.5 32.75 0 45.25C304.4 412.9 296.2 416 288 416s-16.38-3.125-22.62-9.375L160 301.3L54.63 406.6C48.38 412.9 40.19 416 32 416S15.63 412.9 9.375 406.6c-12.5-12.5-12.5-32.75 0-45.25l105.4-105.4L9.375 150.6c-12.5-12.5-12.5-32.75 0-45.25s32.75-12.5 45.25 0L160 210.8l105.4-105.4c12.5-12.5 32.75-12.5 45.25 0s12.5 32.75 0 45.25l-105.4 105.4L310.6 361.4z\"><\/path><\/svg><\/span><span class=\"uagb-icon-list__label\"><strong>Nabywcy nie maj\u0105 zaufania do procesu sprzeda\u017cy<\/strong><\/span><\/div>\n<\/div><\/div>\n<\/div><\/div>\n<\/div>\n\n\n\n<div class=\"wp-block-column is-layout-flow wp-block-column-is-layout-flow\">\n<div class=\"wp-block-cover aligncenter\" style=\"min-height:100vh;aspect-ratio:unset;\"><span aria-hidden=\"true\" class=\"wp-block-cover__background has-background-dim\"><\/span><img decoding=\"async\" width=\"400\" height=\"800\" class=\"wp-block-cover__image-background wp-image-1029\" alt=\" Ameryce P\u00f3\u0142nocnej\" src=\"http:\/\/sixbar6.com\/wp-content\/uploads\/2025\/03\/banner-4x8-3.png\" data-object-fit=\"cover\" srcset=\"https:\/\/sixbar6.com\/wp-content\/uploads\/2025\/03\/banner-4x8-3.png 400w, https:\/\/sixbar6.com\/wp-content\/uploads\/2025\/03\/banner-4x8-3-150x300.png 150w, https:\/\/sixbar6.com\/wp-content\/uploads\/2025\/03\/banner-4x8-3-6x12.png 6w\" sizes=\"(max-width: 400px) 100vw, 400px\" \/><div class=\"wp-block-cover__inner-container is-layout-flow wp-block-cover-is-layout-flow\">\n<p class=\"has-text-align-center has-vivid-red-color has-text-color has-link-color has-large-font-size wp-elements-707225545b6716c1a78c8c943fed9c98\"><strong>Bezpo\u015brednia sprzeda\u017c = <\/strong><br><strong>wi\u0119ksza stabilno\u015b\u0107 i zysk<\/strong><\/p>\n\n\n\n<div style=\"height:30px\" aria-hidden=\"true\" class=\"wp-block-spacer\"><\/div>\n\n\n\n<p class=\"has-text-align-left has-white-color has-text-color has-link-color wp-elements-9bc8c3764cfaaedfc8a2286eae8fd840\" style=\"font-size:26px\"><strong>Sprzedaj\u0105c wy\u0142\u0105cznie przez SixBar6, masz pe\u0142n\u0105 kontrol\u0119 nad cen\u0105 i procesem \u2013 Tw\u00f3j ko\u0144 trafia tylko do sprawdzonych nabywc\u00f3w.<\/strong><\/p>\n\n\n\n<div style=\"height:75px\" aria-hidden=\"true\" class=\"wp-block-spacer\"><\/div>\n\n\n\n<div data-aos= \"fade-up\" data-aos-duration=\"400\" data-aos-delay=\"0\" data-aos-easing=\"ease\" data-aos-once=\"true\" class=\"wp-block-uagb-icon-list uagb-block-5ad3a9a3\"><div class=\"uagb-icon-list__wrap\">\n<div class=\"wp-block-uagb-icon-list-child uagb-block-912703c0\"><span class=\"uagb-icon-list__source-wrap\"><svg xmlns=\"https:\/\/www.w3.org\/2000\/svg\" viewbox=\"0 0 448 512\"><path d=\"M438.6 105.4C451.1 117.9 451.1 138.1 438.6 150.6L182.6 406.6C170.1 419.1 149.9 419.1 137.4 406.6L9.372 278.6C-3.124 266.1-3.124 245.9 9.372 233.4C21.87 220.9 42.13 220.9 54.63 233.4L159.1 338.7L393.4 105.4C405.9 92.88 426.1 92.88 438.6 105.4H438.6z\"><\/path><\/svg><\/span><span class=\"uagb-icon-list__label\"><strong>Jasne, stabilne ceny<\/strong><\/span><\/div>\n\n\n\n<div class=\"wp-block-uagb-icon-list-child uagb-block-b4ca220b\"><span class=\"uagb-icon-list__source-wrap\"><svg xmlns=\"https:\/\/www.w3.org\/2000\/svg\" viewbox=\"0 0 448 512\"><path d=\"M438.6 105.4C451.1 117.9 451.1 138.1 438.6 150.6L182.6 406.6C170.1 419.1 149.9 419.1 137.4 406.6L9.372 278.6C-3.124 266.1-3.124 245.9 9.372 233.4C21.87 220.9 42.13 220.9 54.63 233.4L159.1 338.7L393.4 105.4C405.9 92.88 426.1 92.88 438.6 105.4H438.6z\"><\/path><\/svg><\/span><span class=\"uagb-icon-list__label\"><strong>Brak ukrytych prowizji dla po\u015brednik\u00f3w<\/strong><\/span><\/div>\n\n\n\n<div class=\"wp-block-uagb-icon-list-child uagb-block-95f6354c\"><span class=\"uagb-icon-list__source-wrap\"><svg xmlns=\"https:\/\/www.w3.org\/2000\/svg\" viewbox=\"0 0 448 512\"><path d=\"M438.6 105.4C451.1 117.9 451.1 138.1 438.6 150.6L182.6 406.6C170.1 419.1 149.9 419.1 137.4 406.6L9.372 278.6C-3.124 266.1-3.124 245.9 9.372 233.4C21.87 220.9 42.13 220.9 54.63 233.4L159.1 338.7L393.4 105.4C405.9 92.88 426.1 92.88 438.6 105.4H438.6z\"><\/path><\/svg><\/span><span class=\"uagb-icon-list__label\"><strong>Transparentny proces sprzeda\u017cy<\/strong><\/span><\/div>\n<\/div><\/div>\n<\/div><\/div>\n<\/div>\n<\/div>\n\n\n\n<div style=\"height:50px\" aria-hidden=\"true\" class=\"wp-block-spacer\"><\/div>\n\n\n\n<h2 class=\"wp-block-heading alignwide has-large-font-size\">Jak wygl\u0105da proces sprzeda\u017cy?<\/h2>\n\n\n\n<p style=\"font-size:26px\">Sprzedaj swojego konia bezpo\u015brednio do sprawdzonych kupc\u00f3w z Ameryki P\u00f3\u0142nocnej! Dowiedz si\u0119, jak wygl\u0105da ca\u0142y proces i dlaczego warto wsp\u00f3\u0142pracowa\u0107 z SixBar6.<\/p>\n\n\n\n<div class=\"wp-block-buttons alignwide is-content-justification-right is-layout-flex wp-container-core-buttons-is-layout-3 wp-block-buttons-is-layout-flex\">\n<div class=\"wp-block-button has-custom-font-size\" style=\"font-size:26px\"><a class=\"wp-block-button__link has-vivid-red-background-color has-background wp-element-button\" href=\"https:\/\/sixbar6.com\/pl\/sell-your-horse-to-north-america\/\"><strong>Sprzedaj swojego konia teraz<\/strong><\/a><\/div>\n<\/div>\n\n\n\n<p><\/p>","protected":false},"excerpt":{"rendered":"<p>Zapewniamy dost\u0119p do powa\u017cnych nabywc\u00f3w, transparentny proces i profesjonalne wsparcie w sprzeda\u017cy Twojego konia. Bezpo\u015bredni dost\u0119p do kupc\u00f3w Dzi\u0119ki naszej sieci sprzedasz swojego konia do sprawdzonych nabywc\u00f3w w Ameryce P\u00f3\u0142nocnej. Prywatno\u015b\u0107 i bezpiecze\u0144stwo Brak zb\u0119dnych po\u015brednik\u00f3w \u2013 SixBar6 gwarantuje pe\u0142n\u0105 kontrol\u0119 nad procesem sprzeda\u017cy. Profesjonalny marketing Tw\u00f3j ko\u0144 b\u0119dzie prezentowany tylko powa\u017cnym kupcom, kt\u00f3rzy szukaj\u0105 [&hellip;]<\/p>\n","protected":false},"author":1,"featured_media":0,"parent":0,"menu_order":0,"comment_status":"closed","ping_status":"closed","template":"","meta":{"_acf_changed":false,"_uag_custom_page_level_css":"","ocean_post_layout":"full-width","ocean_both_sidebars_style":"","ocean_both_sidebars_content_width":0,"ocean_both_sidebars_sidebars_width":0,"ocean_sidebar":"","ocean_second_sidebar":"","ocean_disable_margins":"enable","ocean_add_body_class":"","ocean_shortcode_before_top_bar":"","ocean_shortcode_after_top_bar":"","ocean_shortcode_before_header":"","ocean_shortcode_after_header":"","ocean_has_shortcode":"","ocean_shortcode_after_title":"","ocean_shortcode_before_footer_widgets":"","ocean_shortcode_after_footer_widgets":"","ocean_shortcode_before_footer_bottom":"","ocean_shortcode_after_footer_bottom":"","ocean_display_top_bar":"off","ocean_display_header":"off","ocean_header_style":"","ocean_center_header_left_menu":"","ocean_custom_header_template":"","ocean_custom_logo":0,"ocean_custom_retina_logo":0,"ocean_custom_logo_max_width":0,"ocean_custom_logo_tablet_max_width":0,"ocean_custom_logo_mobile_max_width":0,"ocean_custom_logo_max_height":0,"ocean_custom_logo_tablet_max_height":0,"ocean_custom_logo_mobile_max_height":0,"ocean_header_custom_menu":"","ocean_menu_typo_font_family":"","ocean_menu_typo_font_subset":"","ocean_menu_typo_font_size":0,"ocean_menu_typo_font_size_tablet":0,"ocean_menu_typo_font_size_mobile":0,"ocean_menu_typo_font_size_unit":"px","ocean_menu_typo_font_weight":"","ocean_menu_typo_font_weight_tablet":"","ocean_menu_typo_font_weight_mobile":"","ocean_menu_typo_transform":"","ocean_menu_typo_transform_tablet":"","ocean_menu_typo_transform_mobile":"","ocean_menu_typo_line_height":0,"ocean_menu_typo_line_height_tablet":0,"ocean_menu_typo_line_height_mobile":0,"ocean_menu_typo_line_height_unit":"","ocean_menu_typo_spacing":0,"ocean_menu_typo_spacing_tablet":0,"ocean_menu_typo_spacing_mobile":0,"ocean_menu_typo_spacing_unit":"","ocean_menu_link_color":"","ocean_menu_link_color_hover":"","ocean_menu_link_color_active":"","ocean_menu_link_background":"","ocean_menu_link_hover_background":"","ocean_menu_link_active_background":"","ocean_menu_social_links_bg":"","ocean_menu_social_hover_links_bg":"","ocean_menu_social_links_color":"","ocean_menu_social_hover_links_color":"","ocean_disable_title":"default","ocean_disable_heading":"default","ocean_post_title":"","ocean_post_subheading":"","ocean_post_title_style":"","ocean_post_title_background_color":"","ocean_post_title_background":0,"ocean_post_title_bg_image_position":"","ocean_post_title_bg_image_attachment":"","ocean_post_title_bg_image_repeat":"","ocean_post_title_bg_image_size":"","ocean_post_title_height":0,"ocean_post_title_bg_overlay":0.5,"ocean_post_title_bg_overlay_color":"","ocean_disable_breadcrumbs":"default","ocean_breadcrumbs_color":"","ocean_breadcrumbs_separator_color":"","ocean_breadcrumbs_links_color":"","ocean_breadcrumbs_links_hover_color":"","ocean_display_footer_widgets":"off","ocean_display_footer_bottom":"off","ocean_custom_footer_template":"","footnotes":""},"class_list":["post-1142","page","type-page","status-publish","hentry","entry"],"acf":[],"uagb_featured_image_src":{"full":false,"thumbnail":false,"medium":false,"medium_large":false,"large":false,"1536x1536":false,"2048x2048":false,"trp-custom-language-flag":false,"ocean-thumb-m":false,"ocean-thumb-ml":false,"ocean-thumb-l":false},"uagb_author_info":{"display_name":"admin","author_link":"https:\/\/sixbar6.com\/pl\/author\/admin\/"},"uagb_comment_info":0,"uagb_excerpt":"Zapewniamy dost\u0119p do powa\u017cnych nabywc\u00f3w, transparentny proces i profesjonalne wsparcie w sprzeda\u017cy Twojego konia. Bezpo\u015bredni dost\u0119p do kupc\u00f3w Dzi\u0119ki naszej sieci sprzedasz swojego konia do sprawdzonych nabywc\u00f3w w Ameryce P\u00f3\u0142nocnej. Prywatno\u015b\u0107 i bezpiecze\u0144stwo Brak zb\u0119dnych po\u015brednik\u00f3w \u2013 SixBar6 gwarantuje pe\u0142n\u0105 kontrol\u0119 nad procesem sprzeda\u017cy. Profesjonalny marketing Tw\u00f3j ko\u0144 b\u0119dzie prezentowany tylko powa\u017cnym kupcom, kt\u00f3rzy szukaj\u0105&hellip;","_links":{"self":[{"href":"https:\/\/sixbar6.com\/pl\/wp-json\/wp\/v2\/pages\/1142","targetHints":{"allow":["GET"]}}],"collection":[{"href":"https:\/\/sixbar6.com\/pl\/wp-json\/wp\/v2\/pages"}],"about":[{"href":"https:\/\/sixbar6.com\/pl\/wp-json\/wp\/v2\/types\/page"}],"author":[{"embeddable":true,"href":"https:\/\/sixbar6.com\/pl\/wp-json\/wp\/v2\/users\/1"}],"replies":[{"embeddable":true,"href":"https:\/\/sixbar6.com\/pl\/wp-json\/wp\/v2\/comments?post=1142"}],"version-history":[{"count":76,"href":"https:\/\/sixbar6.com\/pl\/wp-json\/wp\/v2\/pages\/1142\/revisions"}],"predecessor-version":[{"id":1269,"href":"https:\/\/sixbar6.com\/pl\/wp-json\/wp\/v2\/pages\/1142\/revisions\/1269"}],"wp:attachment":[{"href":"https:\/\/sixbar6.com\/pl\/wp-json\/wp\/v2\/media?parent=1142"}],"curies":[{"name":"wp","href":"https:\/\/api.w.org\/{rel}","templated":true}]}}